{"id":597,"date":"2023-04-27T10:50:22","date_gmt":"2023-04-27T08:50:22","guid":{"rendered":"http:\/\/pal-wines.com\/finest-wine-culture\/"},"modified":"2026-03-31T19:48:08","modified_gmt":"2026-03-31T17:48:08","slug":"finest-wine-culture","status":"publish","type":"page","link":"https:\/\/pal-wines.com\/de\/","title":{"rendered":"Finest Wine Culture"},"content":{"rendered":"\t\t<div data-elementor-type=\"wp-page\" data-elementor-id=\"597\" class=\"elementor elementor-597 elementor-10\" data-elementor-post-type=\"page\">\n\t\t\t\t<div class=\"elementor-element elementor-element-ecb50fe e-con-full e-flex e-con e-parent\" data-id=\"ecb50fe\" data-element_type=\"container\" data-e-type=\"container\" data-settings=\"{&quot;background_background&quot;:&quot;classic&quot;}\">\n\t\t<div class=\"elementor-element elementor-element-67cb4ae e-con-full e-flex e-con e-child\" data-id=\"67cb4ae\" data-element_type=\"container\" data-e-type=\"container\" data-settings=\"{&quot;background_background&quot;:&quot;classic&quot;}\">\n\t\t\t\t<div class=\"elementor-element elementor-element-73505a9 elementor-widget__width-initial elementor-widget elementor-widget-heading\" data-id=\"73505a9\" data-element_type=\"widget\" data-e-type=\"widget\" data-widget_type=\"heading.default\">\n\t\t\t\t<div class=\"elementor-widget-container\">\n\t\t\t\t\t<h2 class=\"elementor-heading-title elementor-size-default\">Willkommen auf unserem Weingut!<\/h2>\t\t\t\t<\/div>\n\t\t\t\t<\/div>\n\t\t\t\t<\/div>\n\t\t\t\t<\/div>\n\t\t<div class=\"elementor-element elementor-element-db728aa e-flex e-con-boxed e-con e-parent\" data-id=\"db728aa\" data-element_type=\"container\" data-e-type=\"container\">\n\t\t\t\t\t<div class=\"e-con-inner\">\n\t\t\t\t<div class=\"elementor-element elementor-element-fcff350 elementor-widget__width-initial elementor-widget elementor-widget-heading\" data-id=\"fcff350\" data-element_type=\"widget\" data-e-type=\"widget\" data-widget_type=\"heading.default\">\n\t\t\t\t<div class=\"elementor-widget-container\">\n\t\t\t\t\t<h3 class=\"elementor-heading-title elementor-size-default\">Aktuelle Events<\/h3>\t\t\t\t<\/div>\n\t\t\t\t<\/div>\n\t\t\t\t<div class=\"elementor-element elementor-element-580a684 elementor-grid-3 elementor-widget__width-initial elementor-grid-tablet-2 elementor-grid-mobile-1 elementor-widget elementor-widget-loop-grid\" data-id=\"580a684\" data-element_type=\"widget\" data-e-type=\"widget\" data-settings=\"{&quot;template_id&quot;:1608,&quot;columns&quot;:3,&quot;row_gap&quot;:{&quot;unit&quot;:&quot;px&quot;,&quot;size&quot;:52,&quot;sizes&quot;:[]},&quot;_skin&quot;:&quot;post&quot;,&quot;columns_tablet&quot;:&quot;2&quot;,&quot;columns_mobile&quot;:&quot;1&quot;,&quot;edit_handle_selector&quot;:&quot;[data-elementor-type=\\&quot;loop-item\\&quot;]&quot;,&quot;row_gap_widescreen&quot;:{&quot;unit&quot;:&quot;px&quot;,&quot;size&quot;:&quot;&quot;,&quot;sizes&quot;:[]},&quot;row_gap_laptop&quot;:{&quot;unit&quot;:&quot;px&quot;,&quot;size&quot;:&quot;&quot;,&quot;sizes&quot;:[]},&quot;row_gap_tablet_extra&quot;:{&quot;unit&quot;:&quot;px&quot;,&quot;size&quot;:&quot;&quot;,&quot;sizes&quot;:[]},&quot;row_gap_tablet&quot;:{&quot;unit&quot;:&quot;px&quot;,&quot;size&quot;:&quot;&quot;,&quot;sizes&quot;:[]},&quot;row_gap_mobile&quot;:{&quot;unit&quot;:&quot;px&quot;,&quot;size&quot;:&quot;&quot;,&quot;sizes&quot;:[]}}\" data-widget_type=\"loop-grid.post\">\n\t\t\t\t<div class=\"elementor-widget-container\">\n\t\t\t\t\t\t\t<div class=\"elementor-loop-container elementor-grid\" role=\"list\">\n\t\t<style id=\"loop-1608\">.elementor-1608 .elementor-element.elementor-element-3d0572f{--display:flex;--flex-direction:column;--container-widget-width:100%;--container-widget-height:initial;--container-widget-flex-grow:0;--container-widget-align-self:initial;--flex-wrap-mobile:wrap;}.elementor-1608 .elementor-element.elementor-element-df264b5 .elementor-heading-title{font-size:25px;}.elementor-1608 .elementor-element.elementor-element-614d8d2 .elementor-heading-title{font-size:20px;}<\/style>\t\t<div data-elementor-type=\"loop-item\" data-elementor-id=\"1608\" class=\"elementor elementor-1608 elementor-1558 elementor-1558 e-loop-item e-loop-item-1612 post-1612 post type-post status-publish format-standard hentry category-unkategorisiert\" data-elementor-post-type=\"elementor_library\" data-custom-edit-handle=\"1\">\n\t\t\t<div class=\"elementor-element elementor-element-3d0572f e-flex e-con-boxed e-con e-parent\" data-id=\"3d0572f\" data-element_type=\"container\" data-e-type=\"container\">\n\t\t\t\t\t<div class=\"e-con-inner\">\n\t\t\t\t<div class=\"elementor-element elementor-element-df264b5 elementor-widget elementor-widget-heading\" data-id=\"df264b5\" data-element_type=\"widget\" data-e-type=\"widget\" data-widget_type=\"heading.default\">\n\t\t\t\t<div class=\"elementor-widget-container\">\n\t\t\t\t\t<h3 class=\"elementor-heading-title elementor-size-default\"><a href=\"https:\/\/pal-wines.com\/de\/hofflohmarkt-12-04\/\">Saisoner\u00f6ffnung mit Freunde und G\u00e4ste,Hofflohmarkt am 4.04.2026<\/a><\/h3>\t\t\t\t<\/div>\n\t\t\t\t<\/div>\n\t\t\t\t<div class=\"elementor-element elementor-element-614d8d2 elementor-widget elementor-widget-heading\" data-id=\"614d8d2\" data-element_type=\"widget\" data-e-type=\"widget\" data-widget_type=\"heading.default\">\n\t\t\t\t<div class=\"elementor-widget-container\">\n\t\t\t\t\t<h4 class=\"elementor-heading-title elementor-size-default\"><a href=\"https:\/\/pal-wines.com\/de\/hofflohmarkt-12-04\/\">Event Details ansehen<\/a><\/h4>\t\t\t\t<\/div>\n\t\t\t\t<\/div>\n\t\t\t\t\t<\/div>\n\t\t\t\t<\/div>\n\t\t\t\t<\/div>\n\t\t\t\t<div data-elementor-type=\"loop-item\" data-elementor-id=\"1608\" class=\"elementor elementor-1608 elementor-1558 elementor-1558 e-loop-item e-loop-item-1668 post-1668 post type-post status-publish format-standard hentry category-allgemein-de\" data-elementor-post-type=\"elementor_library\" data-custom-edit-handle=\"1\">\n\t\t\t<div class=\"elementor-element elementor-element-3d0572f e-flex e-con-boxed e-con e-parent\" data-id=\"3d0572f\" data-element_type=\"container\" data-e-type=\"container\">\n\t\t\t\t\t<div class=\"e-con-inner\">\n\t\t\t\t<div class=\"elementor-element elementor-element-df264b5 elementor-widget elementor-widget-heading\" data-id=\"df264b5\" data-element_type=\"widget\" data-e-type=\"widget\" data-widget_type=\"heading.default\">\n\t\t\t\t<div class=\"elementor-widget-container\">\n\t\t\t\t\t<h3 class=\"elementor-heading-title elementor-size-default\"><a href=\"https:\/\/pal-wines.com\/de\/szent-gyoergy-hegy-hajnalig-on-7-06-2025\/\">Szent Gy\u00f6rgy &#8211; hegy hajnalig, am 6.06.2026<\/a><\/h3>\t\t\t\t<\/div>\n\t\t\t\t<\/div>\n\t\t\t\t<div class=\"elementor-element elementor-element-614d8d2 elementor-widget elementor-widget-heading\" data-id=\"614d8d2\" data-element_type=\"widget\" data-e-type=\"widget\" data-widget_type=\"heading.default\">\n\t\t\t\t<div class=\"elementor-widget-container\">\n\t\t\t\t\t<h4 class=\"elementor-heading-title elementor-size-default\"><a href=\"https:\/\/pal-wines.com\/de\/szent-gyoergy-hegy-hajnalig-on-7-06-2025\/\">Event Details ansehen<\/a><\/h4>\t\t\t\t<\/div>\n\t\t\t\t<\/div>\n\t\t\t\t\t<\/div>\n\t\t\t\t<\/div>\n\t\t\t\t<\/div>\n\t\t\t\t<\/div>\n\t\t\n\t\t\t\t\t\t<\/div>\n\t\t\t\t<\/div>\n\t\t\t\t\t<\/div>\n\t\t\t\t<\/div>\n\t\t<div class=\"elementor-element elementor-element-e7efeb1 e-flex e-con-boxed e-con e-parent\" data-id=\"e7efeb1\" data-element_type=\"container\" data-e-type=\"container\">\n\t\t\t\t\t<div class=\"e-con-inner\">\n\t\t<div class=\"elementor-element elementor-element-8e52e4a e-con-full e-flex e-con e-child\" data-id=\"8e52e4a\" data-element_type=\"container\" data-e-type=\"container\" data-settings=\"{&quot;background_background&quot;:&quot;classic&quot;}\">\n\t\t\t\t<div class=\"elementor-element elementor-element-282365d elementor-widget__width-initial elementor-widget elementor-widget-heading\" data-id=\"282365d\" data-element_type=\"widget\" data-e-type=\"widget\" data-widget_type=\"heading.default\">\n\t\t\t\t<div class=\"elementor-widget-container\">\n\t\t\t\t\t<h3 class=\"elementor-heading-title elementor-size-default\">Weine, die einfach nur gl\u00fccklich machen.<\/h3>\t\t\t\t<\/div>\n\t\t\t\t<\/div>\n\t\t\t\t<div class=\"elementor-element elementor-element-689da21 elementor-widget-tablet__width-inherit elementor-widget elementor-widget-heading\" data-id=\"689da21\" data-element_type=\"widget\" data-e-type=\"widget\" data-widget_type=\"heading.default\">\n\t\t\t\t<div class=\"elementor-widget-container\">\n\t\t\t\t\t<h3 class=\"elementor-heading-title elementor-size-default\">Wunderbar fruchtig, \u201evulkanisch\u201c und <br>perfekt ausgewogen.<\/h3>\t\t\t\t<\/div>\n\t\t\t\t<\/div>\n\t\t\t\t<\/div>\n\t\t<div class=\"elementor-element elementor-element-2df6d48 e-con-full e-flex e-con e-child\" data-id=\"2df6d48\" data-element_type=\"container\" data-e-type=\"container\" data-settings=\"{&quot;background_background&quot;:&quot;classic&quot;}\">\n\t\t\t\t<\/div>\n\t\t\t\t\t<\/div>\n\t\t\t\t<\/div>\n\t\t<div class=\"elementor-element elementor-element-c3d13b3 e-flex e-con-boxed e-con e-parent\" data-id=\"c3d13b3\" data-element_type=\"container\" data-e-type=\"container\">\n\t\t\t\t\t<div class=\"e-con-inner\">\n\t\t\t\t<div class=\"elementor-element elementor-element-3d5d10a elementor-widget__width-initial elementor-widget-tablet__width-inherit elementor-widget elementor-widget-text-editor\" data-id=\"3d5d10a\" data-element_type=\"widget\" data-e-type=\"widget\" data-widget_type=\"text-editor.default\">\n\t\t\t\t<div class=\"elementor-widget-container\">\n\t\t\t\t\t\t\t\t\t<p>Genie\u00dfen Sie unsere herrlich fruchtigen Weine aus unserem kleinen, aber feinen Weinkeller in der ungarischen Region Badacsony \u2013 umgeben von Vulkanbergen in der N\u00e4he des ber\u00fchmten Balaton-Sees. <\/p>\t\t\t\t\t\t\t\t<\/div>\n\t\t\t\t<\/div>\n\t\t\t\t\t<\/div>\n\t\t\t\t<\/div>\n\t\t<div class=\"elementor-element elementor-element-9c83186 e-flex e-con-boxed e-con e-parent\" data-id=\"9c83186\" data-element_type=\"container\" data-e-type=\"container\">\n\t\t\t\t\t<div class=\"e-con-inner\">\n\t\t\t\t<div class=\"elementor-element elementor-element-fb52bc0 elementor-widget__width-initial elementor-widget-tablet__width-inherit elementor-widget elementor-widget-text-editor\" data-id=\"fb52bc0\" data-element_type=\"widget\" data-e-type=\"widget\" data-widget_type=\"text-editor.default\">\n\t\t\t\t<div class=\"elementor-widget-container\">\n\t\t\t\t\t\t\t\t\t<p>Die fruchtbaren B\u00f6den rund um unseren Hausberg Szent Gy\u00f6rgy-hegy und das milde Klima des Sees sorgen f\u00fcr ein einzigartiges Terroir. Der beste Boden f\u00fcr leidenschaftlichen Weinbau.<\/p>\t\t\t\t\t\t\t\t<\/div>\n\t\t\t\t<\/div>\n\t\t\t\t\t<\/div>\n\t\t\t\t<\/div>\n\t\t<div class=\"elementor-element elementor-element-3abd047 e-flex e-con-boxed e-con e-parent\" data-id=\"3abd047\" data-element_type=\"container\" data-e-type=\"container\" data-settings=\"{&quot;background_background&quot;:&quot;classic&quot;}\">\n\t\t\t\t\t<div class=\"e-con-inner\">\n\t\t<div class=\"elementor-element elementor-element-b29e17e e-con-full e-flex e-con e-child\" data-id=\"b29e17e\" data-element_type=\"container\" data-e-type=\"container\" data-settings=\"{&quot;background_background&quot;:&quot;classic&quot;}\">\n\t\t\t\t<\/div>\n\t\t\t\t\t<\/div>\n\t\t\t\t<\/div>\n\t\t<div class=\"elementor-element elementor-element-112e035 e-flex e-con-boxed e-con e-parent\" data-id=\"112e035\" data-element_type=\"container\" data-e-type=\"container\" data-settings=\"{&quot;background_background&quot;:&quot;classic&quot;}\">\n\t\t\t\t\t<div class=\"e-con-inner\">\n\t\t<div class=\"elementor-element elementor-element-3403dbd e-con-full e-flex e-con e-child\" data-id=\"3403dbd\" data-element_type=\"container\" data-e-type=\"container\" data-settings=\"{&quot;background_background&quot;:&quot;classic&quot;}\">\n\t\t\t\t<\/div>\n\t\t<div class=\"elementor-element elementor-element-b89133c e-con-full e-flex e-con e-child\" data-id=\"b89133c\" data-element_type=\"container\" data-e-type=\"container\" data-settings=\"{&quot;background_background&quot;:&quot;classic&quot;}\">\n\t\t\t\t<\/div>\n\t\t<div class=\"elementor-element elementor-element-6d2d423 e-con-full e-flex e-con e-child\" data-id=\"6d2d423\" data-element_type=\"container\" data-e-type=\"container\" data-settings=\"{&quot;background_background&quot;:&quot;classic&quot;}\">\n\t\t\t\t<\/div>\n\t\t\t\t\t<\/div>\n\t\t\t\t<\/div>\n\t\t<div class=\"elementor-element elementor-element-23cc2df e-flex e-con-boxed e-con e-parent\" data-id=\"23cc2df\" data-element_type=\"container\" data-e-type=\"container\" data-settings=\"{&quot;background_background&quot;:&quot;classic&quot;}\">\n\t\t\t\t\t<div class=\"e-con-inner\">\n\t\t<div class=\"elementor-element elementor-element-9cf6958 e-flex e-con-boxed e-con e-child\" data-id=\"9cf6958\" data-element_type=\"container\" data-e-type=\"container\">\n\t\t\t\t\t<div class=\"e-con-inner\">\n\t\t\t\t<div class=\"elementor-element elementor-element-69fec61 elementor-widget elementor-widget-image\" data-id=\"69fec61\" data-element_type=\"widget\" data-e-type=\"widget\" data-widget_type=\"image.default\">\n\t\t\t\t<div class=\"elementor-widget-container\">\n\t\t\t\t\t\t\t\t\t\t\t\t\t\t\t<img decoding=\"async\" width=\"1\" height=\"1\" src=\"https:\/\/pal-wines.com\/wp-content\/uploads\/2023\/04\/Group-98.svg\" class=\"attachment-large size-large wp-image-114\" alt=\"\" \/>\t\t\t\t\t\t\t\t\t\t\t\t\t\t\t<\/div>\n\t\t\t\t<\/div>\n\t\t<div class=\"elementor-element elementor-element-ab07040 e-con-full e-flex e-con e-child\" data-id=\"ab07040\" data-element_type=\"container\" data-e-type=\"container\">\n\t\t\t\t<div class=\"elementor-element elementor-element-c387548 elementor-widget-tablet__width-initial elementor-widget elementor-widget-heading\" data-id=\"c387548\" data-element_type=\"widget\" data-e-type=\"widget\" data-widget_type=\"heading.default\">\n\t\t\t\t<div class=\"elementor-widget-container\">\n\t\t\t\t\t<h4 class=\"elementor-heading-title elementor-size-default\">Entspannte Atmosph\u00e4re und\nK\u00f6stlichkeiten aus unserer K\u00fcche<\/h4>\t\t\t\t<\/div>\n\t\t\t\t<\/div>\n\t\t\t\t<\/div>\n\t\t\t\t\t<\/div>\n\t\t\t\t<\/div>\n\t\t<div class=\"elementor-element elementor-element-231af31 e-flex e-con-boxed e-con e-child\" data-id=\"231af31\" data-element_type=\"container\" data-e-type=\"container\">\n\t\t\t\t\t<div class=\"e-con-inner\">\n\t\t\t\t<div class=\"elementor-element elementor-element-8319690 elementor-widget elementor-widget-image\" data-id=\"8319690\" data-element_type=\"widget\" data-e-type=\"widget\" data-widget_type=\"image.default\">\n\t\t\t\t<div class=\"elementor-widget-container\">\n\t\t\t\t\t\t\t\t\t\t\t\t\t\t\t<img fetchpriority=\"high\" decoding=\"async\" width=\"800\" height=\"576\" src=\"https:\/\/pal-wines.com\/wp-content\/uploads\/2024\/11\/0_2_b-1024x737.jpg\" class=\"attachment-large size-large wp-image-1465\" alt=\"\" srcset=\"https:\/\/pal-wines.com\/wp-content\/uploads\/2024\/11\/0_2_b-1024x737.jpg 1024w, https:\/\/pal-wines.com\/wp-content\/uploads\/2024\/11\/0_2_b-300x216.jpg 300w, https:\/\/pal-wines.com\/wp-content\/uploads\/2024\/11\/0_2_b-768x553.jpg 768w, https:\/\/pal-wines.com\/wp-content\/uploads\/2024\/11\/0_2_b.jpg 1164w\" sizes=\"(max-width: 800px) 100vw, 800px\" \/>\t\t\t\t\t\t\t\t\t\t\t\t\t\t\t<\/div>\n\t\t\t\t<\/div>\n\t\t\t\t<div class=\"elementor-element elementor-element-b590e6e elementor-widget__width-initial elementor-widget-tablet__width-inherit elementor-widget elementor-widget-text-editor\" data-id=\"b590e6e\" data-element_type=\"widget\" data-e-type=\"widget\" data-widget_type=\"text-editor.default\">\n\t\t\t\t<div class=\"elementor-widget-container\">\n\t\t\t\t\t\t\t\t\t<p>Entspannen Sie sich auf unserer Terrasse zwischen See und Vulkanbergen. Wir laden Sie herzlich dazu ein! Genie\u00dfen Sie unsere regionale K\u00fcche mit frischem Gem\u00fcse aus unserem Garten, passenden Weinen und entspannter Sommer-Lounge-Musik.<\/p><p>Werfen Sie einen Blick auf unseren Veranstaltungskalender auf<br><a href=\"https:\/\/www.facebook.com\/wernerjozsef.pal\" target=\"_blank\" rel=\"noopener\"><strong>facebook<\/strong><\/a> oder <a href=\"https:\/\/www.instagram.com\/pal_wines\/\" target=\"_blank\" rel=\"noopener\"><strong>instagram<\/strong><\/a>.<\/p>\t\t\t\t\t\t\t\t<\/div>\n\t\t\t\t<\/div>\n\t\t\t\t\t<\/div>\n\t\t\t\t<\/div>\n\t\t\t\t\t<\/div>\n\t\t\t\t<\/div>\n\t\t<div class=\"elementor-element elementor-element-3da1ea1 e-flex e-con-boxed e-con e-parent\" data-id=\"3da1ea1\" data-element_type=\"container\" data-e-type=\"container\" data-settings=\"{&quot;background_background&quot;:&quot;classic&quot;}\">\n\t\t\t\t\t<div class=\"e-con-inner\">\n\t\t<div class=\"elementor-element elementor-element-f21379b e-con-full e-flex e-con e-child\" data-id=\"f21379b\" data-element_type=\"container\" data-e-type=\"container\" data-settings=\"{&quot;background_background&quot;:&quot;classic&quot;}\">\n\t\t\t\t<\/div>\n\t\t\t\t\t<\/div>\n\t\t\t\t<\/div>\n\t\t<div class=\"elementor-element elementor-element-2984d34 e-flex e-con-boxed e-con e-parent\" data-id=\"2984d34\" data-element_type=\"container\" data-e-type=\"container\" data-settings=\"{&quot;background_background&quot;:&quot;classic&quot;}\">\n\t\t\t\t\t<div class=\"e-con-inner\">\n\t\t<div class=\"elementor-element elementor-element-576cfa0 e-con-full e-flex e-con e-child\" data-id=\"576cfa0\" data-element_type=\"container\" data-e-type=\"container\" data-settings=\"{&quot;background_background&quot;:&quot;classic&quot;}\">\n\t\t\t\t<\/div>\n\t\t<div class=\"elementor-element elementor-element-98a92dc e-con-full e-flex e-con e-child\" data-id=\"98a92dc\" data-element_type=\"container\" data-e-type=\"container\" data-settings=\"{&quot;background_background&quot;:&quot;classic&quot;}\">\n\t\t\t\t<\/div>\n\t\t<div class=\"elementor-element elementor-element-20cf07d e-con-full e-flex e-con e-child\" data-id=\"20cf07d\" data-element_type=\"container\" data-e-type=\"container\" data-settings=\"{&quot;background_background&quot;:&quot;classic&quot;}\">\n\t\t\t\t<\/div>\n\t\t\t\t\t<\/div>\n\t\t\t\t<\/div>\n\t\t<div class=\"elementor-element elementor-element-161516e e-grid e-con-boxed e-con e-parent\" data-id=\"161516e\" data-element_type=\"container\" data-e-type=\"container\">\n\t\t\t\t\t<div class=\"e-con-inner\">\n\t\t\t\t\t<\/div>\n\t\t\t\t<\/div>\n\t\t\t\t<\/div>\n\t\t","protected":false},"excerpt":{"rendered":"<p>Willkommen auf unserem Weingut! Aktuelle Events Weine, die einfach nur gl\u00fccklich machen. Wunderbar fruchtig, \u201evulkanisch\u201c und perfekt ausgewogen. Genie\u00dfen Sie unsere herrlich fruchtigen Weine aus unserem kleinen, aber feinen Weinkeller in der ungarischen Region Badacsony \u2013 umgeben von Vulkanbergen in der N\u00e4he des ber\u00fchmten Balaton-Sees. Die fruchtbaren B\u00f6den rund um unseren Hausberg Szent Gy\u00f6rgy-hegy und [&hellip;]<\/p>\n","protected":false},"author":1,"featured_media":0,"parent":0,"menu_order":0,"comment_status":"closed","ping_status":"closed","template":"","meta":{"footnotes":""},"class_list":["post-597","page","type-page","status-publish","hentry"],"_links":{"self":[{"href":"https:\/\/pal-wines.com\/de\/wp-json\/wp\/v2\/pages\/597","targetHints":{"allow":["GET"]}}],"collection":[{"href":"https:\/\/pal-wines.com\/de\/wp-json\/wp\/v2\/pages"}],"about":[{"href":"https:\/\/pal-wines.com\/de\/wp-json\/wp\/v2\/types\/page"}],"author":[{"embeddable":true,"href":"https:\/\/pal-wines.com\/de\/wp-json\/wp\/v2\/users\/1"}],"replies":[{"embeddable":true,"href":"https:\/\/pal-wines.com\/de\/wp-json\/wp\/v2\/comments?post=597"}],"version-history":[{"count":17,"href":"https:\/\/pal-wines.com\/de\/wp-json\/wp\/v2\/pages\/597\/revisions"}],"predecessor-version":[{"id":1824,"href":"https:\/\/pal-wines.com\/de\/wp-json\/wp\/v2\/pages\/597\/revisions\/1824"}],"wp:attachment":[{"href":"https:\/\/pal-wines.com\/de\/wp-json\/wp\/v2\/media?parent=597"}],"curies":[{"name":"wp","href":"https:\/\/api.w.org\/{rel}","templated":true}]}}