{"id":601,"date":"2023-04-27T11:04:23","date_gmt":"2023-04-27T09:04:23","guid":{"rendered":"http:\/\/pal-wines.com\/unsere-geschichte\/"},"modified":"2025-05-13T23:12:03","modified_gmt":"2025-05-13T21:12:03","slug":"unsere-geschichte","status":"publish","type":"page","link":"https:\/\/pal-wines.com\/de\/unsere-geschichte\/","title":{"rendered":"Unsere Story"},"content":{"rendered":"\t\t<div data-elementor-type=\"wp-page\" data-elementor-id=\"601\" class=\"elementor elementor-601 elementor-386\" data-elementor-post-type=\"page\">\n\t\t\t\t<div class=\"elementor-element elementor-element-ecb50fe e-flex e-con-boxed e-con e-parent\" data-id=\"ecb50fe\" data-element_type=\"container\" data-e-type=\"container\" data-settings=\"{&quot;background_background&quot;:&quot;classic&quot;}\">\n\t\t\t\t\t<div class=\"e-con-inner\">\n\t\t<div class=\"elementor-element elementor-element-67cb4ae e-con-full e-flex e-con e-child\" data-id=\"67cb4ae\" data-element_type=\"container\" data-e-type=\"container\" data-settings=\"{&quot;background_background&quot;:&quot;classic&quot;}\">\n\t\t\t\t<\/div>\n\t\t\t\t\t<\/div>\n\t\t\t\t<\/div>\n\t\t<div class=\"elementor-element elementor-element-e7efeb1 e-flex e-con-boxed e-con e-parent\" data-id=\"e7efeb1\" data-element_type=\"container\" data-e-type=\"container\">\n\t\t\t\t\t<div class=\"e-con-inner\">\n\t\t<div class=\"elementor-element elementor-element-8e52e4a e-con-full e-flex e-con e-child\" data-id=\"8e52e4a\" data-element_type=\"container\" data-e-type=\"container\" data-settings=\"{&quot;background_background&quot;:&quot;classic&quot;}\">\n\t\t\t\t<div class=\"elementor-element elementor-element-689da21 elementor-widget-tablet__width-inherit elementor-widget__width-inherit elementor-widget-laptop__width-initial elementor-hidden-mobile elementor-widget elementor-widget-heading\" data-id=\"689da21\" data-element_type=\"widget\" data-e-type=\"widget\" data-widget_type=\"heading.default\">\n\t\t\t\t<div class=\"elementor-widget-container\">\n\t\t\t\t\t<h3 class=\"elementor-heading-title elementor-size-default\">Ihr gemeinsames <br>\nGl\u00fcck sp\u00fcrten sie immer <br>\ndann besonders, wenn sie<br>\nim S\u00fcden waren \u2013<br>\nbei Sonne, gutem Essen<br>\nund noch besseren Wein.<\/h3>\t\t\t\t<\/div>\n\t\t\t\t<\/div>\n\t\t\t\t<div class=\"elementor-element elementor-element-5ade6d9 elementor-widget-tablet__width-inherit elementor-widget__width-inherit elementor-widget-laptop__width-initial elementor-hidden-desktop elementor-hidden-laptop elementor-hidden-tablet_extra elementor-hidden-tablet elementor-widget elementor-widget-heading\" data-id=\"5ade6d9\" data-element_type=\"widget\" data-e-type=\"widget\" data-widget_type=\"heading.default\">\n\t\t\t\t<div class=\"elementor-widget-container\">\n\t\t\t\t\t<h3 class=\"elementor-heading-title elementor-size-default\">Ihr gemeinsames Gl\u00fcck\nsp\u00fcrten sie immer\ndann besonders, wenn sie\nim S\u00fcden waren \u2013\nbei Sonne, gutem Essen\nund noch besseren Wein.<\/h3>\t\t\t\t<\/div>\n\t\t\t\t<\/div>\n\t\t\t\t<\/div>\n\t\t<div class=\"elementor-element elementor-element-2df6d48 e-con-full e-flex e-con e-child\" data-id=\"2df6d48\" data-element_type=\"container\" data-e-type=\"container\" data-settings=\"{&quot;background_background&quot;:&quot;classic&quot;}\">\n\t\t\t\t<div class=\"elementor-element elementor-element-8cb5627 elementor-widget__width-initial elementor-widget-tablet__width-inherit elementor-widget-mobile__width-initial elementor-widget elementor-widget-text-editor\" data-id=\"8cb5627\" data-element_type=\"widget\" data-e-type=\"widget\" data-widget_type=\"text-editor.default\">\n\t\t\t\t<div class=\"elementor-widget-container\">\n\t\t\t\t\t\t\t\t\t<p><strong>Wie ist unser kleines Weingut entstanden?<\/strong><br \/><strong>Das ist die Story dahinter.<\/strong><\/p>\n\t\t\t\t\t\t\t\t<\/div>\n\t\t\t\t<\/div>\n\t\t\t\t<div class=\"elementor-element elementor-element-7bc03a7 elementor-widget__width-initial elementor-widget-tablet__width-inherit elementor-widget elementor-widget-text-editor\" data-id=\"7bc03a7\" data-element_type=\"widget\" data-e-type=\"widget\" data-widget_type=\"text-editor.default\">\n\t\t\t\t<div class=\"elementor-widget-container\">\n\t\t\t\t\t\t\t\t\t<p>Werner ist ein freiheitsliebender Mensch mit gro\u00dfer Leidenschaft f\u00fcr das Reisen durch die Welt. Als junger Mann gelang es ihm 1987, aus dem kommunistischen Rum\u00e4nien durch eine abenteuerliche Flucht, Deutschland zu erreichen.<\/p>\n<p>In N\u00fcrnberg lernte er bei einer Kunst-Vernissage Karin kennen, die aus Ludwigsburg wegen ihres Jobs als Sport- und Gymnastiklehrerin nach N\u00fcrnberg gezogen war. Dort studierte sie Tanzp\u00e4dagogik und trainierte Profisportler im Fu\u00dfball und Eishockey.<\/p>\n\t\t\t\t\t\t\t\t<\/div>\n\t\t\t\t<\/div>\n\t\t\t\t<\/div>\n\t\t\t\t\t<\/div>\n\t\t\t\t<\/div>\n\t\t<div class=\"elementor-element elementor-element-c3d13b3 e-flex e-con-boxed e-con e-parent\" data-id=\"c3d13b3\" data-element_type=\"container\" data-e-type=\"container\">\n\t\t\t\t\t<div class=\"e-con-inner\">\n\t\t\t\t<div class=\"elementor-element elementor-element-3d5d10a elementor-widget__width-inherit elementor-widget-tablet__width-inherit elementor-widget elementor-widget-text-editor\" data-id=\"3d5d10a\" data-element_type=\"widget\" data-e-type=\"widget\" data-widget_type=\"text-editor.default\">\n\t\t\t\t<div class=\"elementor-widget-container\">\n\t\t\t\t\t\t\t\t\t<p>Ihr gemeinsames Gl\u00fcck sp\u00fcrten sie immer dann besonders, wenn sie im S\u00fcden waren \u2013 bei Sonne, gutem Essen und noch besseren Wein. Nach der Geburt ihrer Tochter Jolina nahmen sie ihren ganzen Mut zusammen und kauften ihren Weinberg mit kleinem Keller in Szent Gy\u00f6rgy hegy, nahe dem Balaton. F\u00fcr alle drei der Start in ein gl\u00fcckliches, naturnahes Leben, das sie bis heute pr\u00e4gt.<\/p>\n<p>Die ersten Schritte im Weinbau waren hart und nicht immer einfach, Freunde und Nachbarn waren jedoch immer f\u00fcr sie da. Vor allem ein erfahrener Kellermeister lehrte Werner viel \u00fcber Qualit\u00e4t und Charakter des Weines. So konnten die P\u00e1ls 2019 einen beachtlichen Erstlingswein pr\u00e4sentieren.<\/p>\n<p>Heute bewirtschaften Karin und Werner 1 ha und konzentrieren sich vorerst auf zwei Rebsorten: die rote Cabernet-Sauvignon-Traube sowie die wei\u00dfe Pinot-blanc-Traube. Mit der Entscheidung, den fruchtig-herben Pinot Blanc auf vulkanischen Terroir anzubauen, waren sie einer der Ersten in der Region Szent Gy\u00f6rgy Hegy. Das Ergebnis: Weine, die einfach nur gl\u00fccklich machen. Herrlich fruchtig, \u201evulkanisch\u201c und wunderbar ausgewogen. Hergestellt in ihrem kleinen, aber feinen Keller.<\/p>\n<p>Auf ihrer Terrasse mit Balaton-Blick servieren sie zu ihrem Wein kleine kulinarische \u00dcberraschungen, wie z.B. das fruchtig-herbe Feigen-Chutney aus \u00f6kologischem Anbau. Los geht es am 3. Juni 2023.<\/p>\n\t\t\t\t\t\t\t\t<\/div>\n\t\t\t\t<\/div>\n\t\t\t\t\t<\/div>\n\t\t\t\t<\/div>\n\t\t<div class=\"elementor-element elementor-element-112e035 e-flex e-con-boxed e-con e-parent\" data-id=\"112e035\" data-element_type=\"container\" data-e-type=\"container\" data-settings=\"{&quot;background_background&quot;:&quot;classic&quot;}\">\n\t\t\t\t\t<div class=\"e-con-inner\">\n\t\t<div class=\"elementor-element elementor-element-3403dbd e-con-full e-flex e-con e-child\" data-id=\"3403dbd\" data-element_type=\"container\" data-e-type=\"container\" data-settings=\"{&quot;background_background&quot;:&quot;classic&quot;}\">\n\t\t\t\t<\/div>\n\t\t<div class=\"elementor-element elementor-element-b89133c e-con-full e-flex e-con e-child\" data-id=\"b89133c\" data-element_type=\"container\" data-e-type=\"container\" data-settings=\"{&quot;background_background&quot;:&quot;classic&quot;}\">\n\t\t\t\t<\/div>\n\t\t<div class=\"elementor-element elementor-element-6d2d423 e-con-full e-flex e-con e-child\" data-id=\"6d2d423\" data-element_type=\"container\" data-e-type=\"container\" data-settings=\"{&quot;background_background&quot;:&quot;classic&quot;}\">\n\t\t\t\t<\/div>\n\t\t\t\t\t<\/div>\n\t\t\t\t<\/div>\n\t\t<div class=\"elementor-element elementor-element-3abd047 e-flex e-con-boxed e-con e-parent\" data-id=\"3abd047\" data-element_type=\"container\" data-e-type=\"container\" data-settings=\"{&quot;background_background&quot;:&quot;classic&quot;}\">\n\t\t\t\t\t<div class=\"e-con-inner\">\n\t\t<div class=\"elementor-element elementor-element-b29e17e e-con-full e-flex e-con e-child\" data-id=\"b29e17e\" data-element_type=\"container\" data-e-type=\"container\" data-settings=\"{&quot;background_background&quot;:&quot;classic&quot;}\">\n\t\t\t\t<\/div>\n\t\t\t\t\t<\/div>\n\t\t\t\t<\/div>\n\t\t<div class=\"elementor-element elementor-element-7ee4334 e-grid e-con-boxed e-con e-parent\" data-id=\"7ee4334\" data-element_type=\"container\" data-e-type=\"container\">\n\t\t\t\t\t<div class=\"e-con-inner\">\n\t\t\t\t\t<\/div>\n\t\t\t\t<\/div>\n\t\t\t\t<\/div>\n\t\t","protected":false},"excerpt":{"rendered":"<p>Ihr gemeinsames Gl\u00fcck sp\u00fcrten sie immer dann besonders, wenn sie im S\u00fcden waren \u2013 bei Sonne, gutem Essen und noch besseren Wein. Ihr gemeinsames Gl\u00fcck sp\u00fcrten sie immer dann besonders, wenn sie im S\u00fcden waren \u2013 bei Sonne, gutem Essen und noch besseren Wein. Wie ist unser kleines Weingut entstanden?Das ist die Story dahinter. Werner [&hellip;]<\/p>\n","protected":false},"author":1,"featured_media":0,"parent":0,"menu_order":0,"comment_status":"closed","ping_status":"closed","template":"","meta":{"footnotes":""},"class_list":["post-601","page","type-page","status-publish","hentry"],"_links":{"self":[{"href":"https:\/\/pal-wines.com\/de\/wp-json\/wp\/v2\/pages\/601","targetHints":{"allow":["GET"]}}],"collection":[{"href":"https:\/\/pal-wines.com\/de\/wp-json\/wp\/v2\/pages"}],"about":[{"href":"https:\/\/pal-wines.com\/de\/wp-json\/wp\/v2\/types\/page"}],"author":[{"embeddable":true,"href":"https:\/\/pal-wines.com\/de\/wp-json\/wp\/v2\/users\/1"}],"replies":[{"embeddable":true,"href":"https:\/\/pal-wines.com\/de\/wp-json\/wp\/v2\/comments?post=601"}],"version-history":[{"count":8,"href":"https:\/\/pal-wines.com\/de\/wp-json\/wp\/v2\/pages\/601\/revisions"}],"predecessor-version":[{"id":1740,"href":"https:\/\/pal-wines.com\/de\/wp-json\/wp\/v2\/pages\/601\/revisions\/1740"}],"wp:attachment":[{"href":"https:\/\/pal-wines.com\/de\/wp-json\/wp\/v2\/media?parent=601"}],"curies":[{"name":"wp","href":"https:\/\/api.w.org\/{rel}","templated":true}]}}