{"id":606,"date":"2023-04-27T11:15:51","date_gmt":"2023-04-27T09:15:51","guid":{"rendered":"http:\/\/pal-wines.com\/besuchen-sie-uns\/"},"modified":"2025-05-13T23:27:24","modified_gmt":"2025-05-13T21:27:24","slug":"besuchen-sie-uns","status":"publish","type":"page","link":"https:\/\/pal-wines.com\/de\/besuchen-sie-uns\/","title":{"rendered":"Besuchen Sie uns"},"content":{"rendered":"\t\t<div data-elementor-type=\"wp-page\" data-elementor-id=\"606\" class=\"elementor elementor-606 elementor-494\" data-elementor-post-type=\"page\">\n\t\t\t\t<div class=\"elementor-element elementor-element-ecb50fe e-flex e-con-boxed e-con e-parent\" data-id=\"ecb50fe\" data-element_type=\"container\" data-e-type=\"container\" data-settings=\"{&quot;background_background&quot;:&quot;classic&quot;}\">\n\t\t\t\t\t<div class=\"e-con-inner\">\n\t\t<div class=\"elementor-element elementor-element-67cb4ae e-con-full e-flex e-con e-child\" data-id=\"67cb4ae\" data-element_type=\"container\" data-e-type=\"container\" data-settings=\"{&quot;background_background&quot;:&quot;classic&quot;}\">\n\t\t\t\t<\/div>\n\t\t<div class=\"elementor-element elementor-element-3eadef6 e-con-full e-flex e-con e-child\" data-id=\"3eadef6\" data-element_type=\"container\" data-e-type=\"container\">\n\t\t<div class=\"elementor-element elementor-element-40e095a e-flex e-con-boxed e-con e-child\" data-id=\"40e095a\" data-element_type=\"container\" data-e-type=\"container\" data-settings=\"{&quot;background_background&quot;:&quot;classic&quot;}\">\n\t\t\t\t\t<div class=\"e-con-inner\">\n\t\t\t\t\t<\/div>\n\t\t\t\t<\/div>\n\t\t<div class=\"elementor-element elementor-element-b45ca7f e-flex e-con-boxed e-con e-child\" data-id=\"b45ca7f\" data-element_type=\"container\" data-e-type=\"container\" data-settings=\"{&quot;background_background&quot;:&quot;classic&quot;}\">\n\t\t\t\t\t<div class=\"e-con-inner\">\n\t\t\t\t\t<\/div>\n\t\t\t\t<\/div>\n\t\t<div class=\"elementor-element elementor-element-ee66e88 e-flex e-con-boxed e-con e-child\" data-id=\"ee66e88\" data-element_type=\"container\" data-e-type=\"container\" data-settings=\"{&quot;background_background&quot;:&quot;classic&quot;}\">\n\t\t\t\t\t<div class=\"e-con-inner\">\n\t\t\t\t\t<\/div>\n\t\t\t\t<\/div>\n\t\t\t\t<\/div>\n\t\t\t\t\t<\/div>\n\t\t\t\t<\/div>\n\t\t<div class=\"elementor-element elementor-element-4e5a5e2 e-flex e-con-boxed e-con e-parent\" data-id=\"4e5a5e2\" data-element_type=\"container\" data-e-type=\"container\">\n\t\t\t\t\t<div class=\"e-con-inner\">\n\t\t\t\t<div class=\"elementor-element elementor-element-1278386 elementor-widget__width-initial elementor-widget elementor-widget-heading\" data-id=\"1278386\" data-element_type=\"widget\" data-e-type=\"widget\" data-widget_type=\"heading.default\">\n\t\t\t\t<div class=\"elementor-widget-container\">\n\t\t\t\t\t<h3 class=\"elementor-heading-title elementor-size-default\">Aktuelle Events<\/h3>\t\t\t\t<\/div>\n\t\t\t\t<\/div>\n\t\t\t\t<div class=\"elementor-element elementor-element-9403cd9 elementor-grid-3 elementor-widget__width-initial elementor-grid-tablet-2 elementor-grid-mobile-1 elementor-widget elementor-widget-loop-grid\" data-id=\"9403cd9\" data-element_type=\"widget\" data-e-type=\"widget\" data-settings=\"{&quot;template_id&quot;:1608,&quot;columns&quot;:3,&quot;row_gap&quot;:{&quot;unit&quot;:&quot;px&quot;,&quot;size&quot;:52,&quot;sizes&quot;:[]},&quot;_skin&quot;:&quot;post&quot;,&quot;columns_tablet&quot;:&quot;2&quot;,&quot;columns_mobile&quot;:&quot;1&quot;,&quot;edit_handle_selector&quot;:&quot;[data-elementor-type=\\&quot;loop-item\\&quot;]&quot;,&quot;row_gap_widescreen&quot;:{&quot;unit&quot;:&quot;px&quot;,&quot;size&quot;:&quot;&quot;,&quot;sizes&quot;:[]},&quot;row_gap_laptop&quot;:{&quot;unit&quot;:&quot;px&quot;,&quot;size&quot;:&quot;&quot;,&quot;sizes&quot;:[]},&quot;row_gap_tablet_extra&quot;:{&quot;unit&quot;:&quot;px&quot;,&quot;size&quot;:&quot;&quot;,&quot;sizes&quot;:[]},&quot;row_gap_tablet&quot;:{&quot;unit&quot;:&quot;px&quot;,&quot;size&quot;:&quot;&quot;,&quot;sizes&quot;:[]},&quot;row_gap_mobile&quot;:{&quot;unit&quot;:&quot;px&quot;,&quot;size&quot;:&quot;&quot;,&quot;sizes&quot;:[]}}\" data-widget_type=\"loop-grid.post\">\n\t\t\t\t<div class=\"elementor-widget-container\">\n\t\t\t\t\t\t\t<div class=\"elementor-loop-container elementor-grid\" role=\"list\">\n\t\t<style id=\"loop-1608\">.elementor-1608 .elementor-element.elementor-element-3d0572f{--display:flex;--flex-direction:column;--container-widget-width:100%;--container-widget-height:initial;--container-widget-flex-grow:0;--container-widget-align-self:initial;--flex-wrap-mobile:wrap;}.elementor-1608 .elementor-element.elementor-element-df264b5 .elementor-heading-title{font-size:25px;}.elementor-1608 .elementor-element.elementor-element-614d8d2 .elementor-heading-title{font-size:20px;}<\/style>\t\t<div data-elementor-type=\"loop-item\" data-elementor-id=\"1608\" class=\"elementor elementor-1608 elementor-1558 elementor-1558 e-loop-item e-loop-item-1612 post-1612 post type-post status-publish format-standard hentry category-unkategorisiert\" data-elementor-post-type=\"elementor_library\" data-custom-edit-handle=\"1\">\n\t\t\t<div class=\"elementor-element elementor-element-3d0572f e-flex e-con-boxed e-con e-parent\" data-id=\"3d0572f\" data-element_type=\"container\" data-e-type=\"container\">\n\t\t\t\t\t<div class=\"e-con-inner\">\n\t\t\t\t<div class=\"elementor-element elementor-element-df264b5 elementor-widget elementor-widget-heading\" data-id=\"df264b5\" data-element_type=\"widget\" data-e-type=\"widget\" data-widget_type=\"heading.default\">\n\t\t\t\t<div class=\"elementor-widget-container\">\n\t\t\t\t\t<h3 class=\"elementor-heading-title elementor-size-default\"><a href=\"https:\/\/pal-wines.com\/de\/hofflohmarkt-12-04\/\">Saisoner\u00f6ffnung mit Freunde und G\u00e4ste,Hofflohmarkt am 4.04.2026<\/a><\/h3>\t\t\t\t<\/div>\n\t\t\t\t<\/div>\n\t\t\t\t<div class=\"elementor-element elementor-element-614d8d2 elementor-widget elementor-widget-heading\" data-id=\"614d8d2\" data-element_type=\"widget\" data-e-type=\"widget\" data-widget_type=\"heading.default\">\n\t\t\t\t<div class=\"elementor-widget-container\">\n\t\t\t\t\t<h4 class=\"elementor-heading-title elementor-size-default\"><a href=\"https:\/\/pal-wines.com\/de\/hofflohmarkt-12-04\/\">Event Details ansehen<\/a><\/h4>\t\t\t\t<\/div>\n\t\t\t\t<\/div>\n\t\t\t\t\t<\/div>\n\t\t\t\t<\/div>\n\t\t\t\t<\/div>\n\t\t\t\t<div data-elementor-type=\"loop-item\" data-elementor-id=\"1608\" class=\"elementor elementor-1608 elementor-1558 elementor-1558 e-loop-item e-loop-item-1668 post-1668 post type-post status-publish format-standard hentry category-allgemein-de\" data-elementor-post-type=\"elementor_library\" data-custom-edit-handle=\"1\">\n\t\t\t<div class=\"elementor-element elementor-element-3d0572f e-flex e-con-boxed e-con e-parent\" data-id=\"3d0572f\" data-element_type=\"container\" data-e-type=\"container\">\n\t\t\t\t\t<div class=\"e-con-inner\">\n\t\t\t\t<div class=\"elementor-element elementor-element-df264b5 elementor-widget elementor-widget-heading\" data-id=\"df264b5\" data-element_type=\"widget\" data-e-type=\"widget\" data-widget_type=\"heading.default\">\n\t\t\t\t<div class=\"elementor-widget-container\">\n\t\t\t\t\t<h3 class=\"elementor-heading-title elementor-size-default\"><a href=\"https:\/\/pal-wines.com\/de\/szent-gyoergy-hegy-hajnalig-on-7-06-2025\/\">Szent Gy\u00f6rgy &#8211; hegy hajnalig, am 6.06.2026<\/a><\/h3>\t\t\t\t<\/div>\n\t\t\t\t<\/div>\n\t\t\t\t<div class=\"elementor-element elementor-element-614d8d2 elementor-widget elementor-widget-heading\" data-id=\"614d8d2\" data-element_type=\"widget\" data-e-type=\"widget\" data-widget_type=\"heading.default\">\n\t\t\t\t<div class=\"elementor-widget-container\">\n\t\t\t\t\t<h4 class=\"elementor-heading-title elementor-size-default\"><a href=\"https:\/\/pal-wines.com\/de\/szent-gyoergy-hegy-hajnalig-on-7-06-2025\/\">Event Details ansehen<\/a><\/h4>\t\t\t\t<\/div>\n\t\t\t\t<\/div>\n\t\t\t\t\t<\/div>\n\t\t\t\t<\/div>\n\t\t\t\t<\/div>\n\t\t\t\t<\/div>\n\t\t\n\t\t\t\t\t\t<\/div>\n\t\t\t\t<\/div>\n\t\t\t\t\t<\/div>\n\t\t\t\t<\/div>\n\t\t<div class=\"elementor-element elementor-element-e7efeb1 e-flex e-con-boxed e-con e-parent\" data-id=\"e7efeb1\" data-element_type=\"container\" data-e-type=\"container\" id=\"contact\">\n\t\t\t\t\t<div class=\"e-con-inner\">\n\t\t<div class=\"elementor-element elementor-element-2df6d48 e-con-full e-flex e-con e-child\" data-id=\"2df6d48\" data-element_type=\"container\" data-e-type=\"container\" data-settings=\"{&quot;background_background&quot;:&quot;classic&quot;}\">\n\t\t\t\t<div class=\"elementor-element elementor-element-689da21 elementor-widget-tablet__width-inherit elementor-widget__width-initial elementor-widget elementor-widget-heading\" data-id=\"689da21\" data-element_type=\"widget\" data-e-type=\"widget\" data-widget_type=\"heading.default\">\n\t\t\t\t<div class=\"elementor-widget-container\">\n\t\t\t\t\t<h2 class=\"elementor-heading-title elementor-size-default\">Trinken Sie ein Glas mit uns und genie\u00dfen Sie die Zeit!<\/h2>\t\t\t\t<\/div>\n\t\t\t\t<\/div>\n\t\t\t\t<div class=\"elementor-element elementor-element-81ef353 elementor-widget__width-initial elementor-widget-tablet__width-inherit elementor-widget-laptop__width-inherit elementor-widget elementor-widget-text-editor\" data-id=\"81ef353\" data-element_type=\"widget\" data-e-type=\"widget\" data-widget_type=\"text-editor.default\">\n\t\t\t\t<div class=\"elementor-widget-container\">\n\t\t\t\t\t\t\t\t\t<p><strong>M\u00f6chten Sie uns kennenlernen?<\/strong><\/p>\n<p>Wir w\u00fcrden uns freuen, Sie in unserem kleinen Weingut begr\u00fc\u00dfen zu d\u00fcrfen. Kommen Sie vorbei, probieren Sie unsere Weine, genie\u00dfen Sie die wunderbare Landschaft und f\u00fchlen Sie sich einfach wie zu Hause. <span style=\"color: #333333;\">Wir freuen uns auf ein Gespr\u00e4ch mit Ihnen \u00fcber Gott und die Welt. Und das bei einem guten Glas Wein.<\/span><\/p>\n<p>F\u00fcr Platzreservierungen kontaktieren Sie uns Telefonisch <br \/>oder per SMS.<\/p>\n<p>Mit der interaktiven Karte k\u00f6nnen Sie den Weg zu uns leicht finden. Wir freuen uns auf Sie!<\/p>\n<p>Werner und Karin P\u00e1l<\/p>\n\t\t\t\t\t\t\t\t<\/div>\n\t\t\t\t<\/div>\n\t\t\t\t<div class=\"elementor-element elementor-element-9247c39 elementor-widget elementor-widget-heading\" data-id=\"9247c39\" data-element_type=\"widget\" data-e-type=\"widget\" data-widget_type=\"heading.default\">\n\t\t\t\t<div class=\"elementor-widget-container\">\n\t\t\t\t\t<span class=\"elementor-heading-title elementor-size-default\">Rufen Sie uns an:<\/span>\t\t\t\t<\/div>\n\t\t\t\t<\/div>\n\t\t\t\t<div class=\"elementor-element elementor-element-2c8f4ce elementor-widget elementor-widget-heading\" data-id=\"2c8f4ce\" data-element_type=\"widget\" data-e-type=\"widget\" data-widget_type=\"heading.default\">\n\t\t\t\t<div class=\"elementor-widget-container\">\n\t\t\t\t\t<span class=\"elementor-heading-title elementor-size-default\"><a href=\"tel:+36702915856\">+36 7029 15856<\/a><\/span>\t\t\t\t<\/div>\n\t\t\t\t<\/div>\n\t\t\t\t<\/div>\n\t\t<div class=\"elementor-element elementor-element-8e52e4a e-con-full e-flex e-con e-child\" data-id=\"8e52e4a\" data-element_type=\"container\" data-e-type=\"container\" data-settings=\"{&quot;background_background&quot;:&quot;classic&quot;}\">\n\t\t\t\t<\/div>\n\t\t\t\t\t<\/div>\n\t\t\t\t<\/div>\n\t\t<div class=\"elementor-element elementor-element-3abd047 e-flex e-con-boxed e-con e-parent\" data-id=\"3abd047\" data-element_type=\"container\" data-e-type=\"container\" data-settings=\"{&quot;background_background&quot;:&quot;classic&quot;}\">\n\t\t\t\t\t<div class=\"e-con-inner\">\n\t\t<div class=\"elementor-element elementor-element-b29e17e e-con-full e-flex e-con e-child\" data-id=\"b29e17e\" data-element_type=\"container\" data-e-type=\"container\" data-settings=\"{&quot;background_background&quot;:&quot;classic&quot;}\">\n\t\t\t\t<div class=\"elementor-element elementor-element-bc4d014 elementor-widget elementor-widget-image\" data-id=\"bc4d014\" data-element_type=\"widget\" data-e-type=\"widget\" data-widget_type=\"image.default\">\n\t\t\t\t<div class=\"elementor-widget-container\">\n\t\t\t\t\t\t\t\t\t\t\t\t\t\t\t\t<a href=\"https:\/\/goo.gl\/maps\/7b85mtPR3gjsooDk8\" target=\"_blank\">\n\t\t\t\t\t\t\t<img fetchpriority=\"high\" decoding=\"async\" width=\"1722\" height=\"759\" src=\"https:\/\/pal-wines.com\/wp-content\/uploads\/2023\/04\/map.png\" class=\"attachment-full size-full wp-image-668\" alt=\"\" srcset=\"https:\/\/pal-wines.com\/wp-content\/uploads\/2023\/04\/map.png 1722w, https:\/\/pal-wines.com\/wp-content\/uploads\/2023\/04\/map-300x132.png 300w, https:\/\/pal-wines.com\/wp-content\/uploads\/2023\/04\/map-1024x451.png 1024w, https:\/\/pal-wines.com\/wp-content\/uploads\/2023\/04\/map-768x339.png 768w, https:\/\/pal-wines.com\/wp-content\/uploads\/2023\/04\/map-1536x677.png 1536w\" sizes=\"(max-width: 1722px) 100vw, 1722px\" \/>\t\t\t\t\t\t\t\t<\/a>\n\t\t\t\t\t\t\t\t\t\t\t\t\t\t\t<\/div>\n\t\t\t\t<\/div>\n\t\t\t\t<\/div>\n\t\t\t\t\t<\/div>\n\t\t\t\t<\/div>\n\t\t<div class=\"elementor-element elementor-element-23cc2df e-flex e-con-boxed e-con e-parent\" data-id=\"23cc2df\" data-element_type=\"container\" data-e-type=\"container\" data-settings=\"{&quot;background_background&quot;:&quot;classic&quot;}\">\n\t\t\t\t\t<div class=\"e-con-inner\">\n\t\t<div class=\"elementor-element elementor-element-231af31 e-flex e-con-boxed e-con e-child\" data-id=\"231af31\" data-element_type=\"container\" data-e-type=\"container\">\n\t\t\t\t\t<div class=\"e-con-inner\">\n\t\t<div class=\"elementor-element elementor-element-a615a3e e-con-full e-flex e-con e-child\" data-id=\"a615a3e\" data-element_type=\"container\" data-e-type=\"container\">\n\t\t\t\t<div class=\"elementor-element elementor-element-55222a8 elementor-widget elementor-widget-heading\" data-id=\"55222a8\" data-element_type=\"widget\" data-e-type=\"widget\" data-widget_type=\"heading.default\">\n\t\t\t\t<div class=\"elementor-widget-container\">\n\t\t\t\t\t<span class=\"elementor-heading-title elementor-size-default\">Unsere Adresse:<\/span>\t\t\t\t<\/div>\n\t\t\t\t<\/div>\n\t\t\t\t<div class=\"elementor-element elementor-element-ace0f90 elementor-widget elementor-widget-text-editor\" data-id=\"ace0f90\" data-element_type=\"widget\" data-e-type=\"widget\" data-widget_type=\"text-editor.default\">\n\t\t\t\t<div class=\"elementor-widget-container\">\n\t\t\t\t\t\t\t\t\t<p>P\u00e1l Pince<br \/>H- 8265 Hegymagas,<br \/>Szent Gy\u00f6rgy-hegy<\/p>\n\t\t\t\t\t\t\t\t<\/div>\n\t\t\t\t<\/div>\n\t\t\t\t<div class=\"elementor-element elementor-element-9788065 elementor-widget elementor-widget-heading\" data-id=\"9788065\" data-element_type=\"widget\" data-e-type=\"widget\" data-widget_type=\"heading.default\">\n\t\t\t\t<div class=\"elementor-widget-container\">\n\t\t\t\t\t<span class=\"elementor-heading-title elementor-size-default\"><a href=\"https:\/\/www.google.com\/maps\/place\/P%C3%A1l-wines,+P%C3%A1l+Pince-+bor%C3%A1szat+%C3%A9s+konyha\/@46.7967041,17.3965382,12z\/data=!4m6!3m5!1s0x476907da2dde266f:0x7856bdf6560e8ca6!8m2!3d46.8320323!4d17.4557711!16s%2Fg%2F11txfqhdl9?entry=ttu&#038;g_ep=EgoyMDI0MTAyOS4wIKXMDSoASAFQAw%3D%3D\" target=\"_blank\">Our opening hours<\/a><\/span>\t\t\t\t<\/div>\n\t\t\t\t<\/div>\n\t\t\t\t<\/div>\n\t\t<div class=\"elementor-element elementor-element-0e6c998 e-con-full e-flex e-con e-child\" data-id=\"0e6c998\" data-element_type=\"container\" data-e-type=\"container\">\n\t\t<div class=\"elementor-element elementor-element-f1e13d4 e-con-full e-flex e-con e-child\" data-id=\"f1e13d4\" data-element_type=\"container\" data-e-type=\"container\" data-settings=\"{&quot;background_background&quot;:&quot;classic&quot;}\">\n\t\t\t\t<\/div>\n\t\t<div class=\"elementor-element elementor-element-0715528 e-flex e-con-boxed e-con e-child\" data-id=\"0715528\" data-element_type=\"container\" data-e-type=\"container\">\n\t\t\t\t\t<div class=\"e-con-inner\">\n\t\t\t\t<div class=\"elementor-element elementor-element-e4a2286 elementor-widget elementor-widget-heading\" data-id=\"e4a2286\" data-element_type=\"widget\" data-e-type=\"widget\" data-widget_type=\"heading.default\">\n\t\t\t\t<div class=\"elementor-widget-container\">\n\t\t\t\t\t<h3 class=\"elementor-heading-title elementor-size-default\">Besuchen Sie unser kleines Paradies!<\/h3>\t\t\t\t<\/div>\n\t\t\t\t<\/div>\n\t\t\t\t\t<\/div>\n\t\t\t\t<\/div>\n\t\t\t\t<\/div>\n\t\t\t\t\t<\/div>\n\t\t\t\t<\/div>\n\t\t\t\t\t<\/div>\n\t\t\t\t<\/div>\n\t\t<div class=\"elementor-element elementor-element-63aaf70 e-grid e-con-boxed e-con e-parent\" data-id=\"63aaf70\" data-element_type=\"container\" data-e-type=\"container\">\n\t\t\t\t\t<div class=\"e-con-inner\">\n\t\t\t\t\t<\/div>\n\t\t\t\t<\/div>\n\t\t\t\t<\/div>\n\t\t","protected":false},"excerpt":{"rendered":"<p>Aktuelle Events Trinken Sie ein Glas mit uns und genie\u00dfen Sie die Zeit! M\u00f6chten Sie uns kennenlernen? Wir w\u00fcrden uns freuen, Sie in unserem kleinen Weingut begr\u00fc\u00dfen zu d\u00fcrfen. Kommen Sie vorbei, probieren Sie unsere Weine, genie\u00dfen Sie die wunderbare Landschaft und f\u00fchlen Sie sich einfach wie zu Hause. Wir freuen uns auf ein Gespr\u00e4ch [&hellip;]<\/p>\n","protected":false},"author":1,"featured_media":0,"parent":0,"menu_order":0,"comment_status":"closed","ping_status":"closed","template":"","meta":{"footnotes":""},"class_list":["post-606","page","type-page","status-publish","hentry"],"_links":{"self":[{"href":"https:\/\/pal-wines.com\/de\/wp-json\/wp\/v2\/pages\/606","targetHints":{"allow":["GET"]}}],"collection":[{"href":"https:\/\/pal-wines.com\/de\/wp-json\/wp\/v2\/pages"}],"about":[{"href":"https:\/\/pal-wines.com\/de\/wp-json\/wp\/v2\/types\/page"}],"author":[{"embeddable":true,"href":"https:\/\/pal-wines.com\/de\/wp-json\/wp\/v2\/users\/1"}],"replies":[{"embeddable":true,"href":"https:\/\/pal-wines.com\/de\/wp-json\/wp\/v2\/comments?post=606"}],"version-history":[{"count":8,"href":"https:\/\/pal-wines.com\/de\/wp-json\/wp\/v2\/pages\/606\/revisions"}],"predecessor-version":[{"id":1758,"href":"https:\/\/pal-wines.com\/de\/wp-json\/wp\/v2\/pages\/606\/revisions\/1758"}],"wp:attachment":[{"href":"https:\/\/pal-wines.com\/de\/wp-json\/wp\/v2\/media?parent=606"}],"curies":[{"name":"wp","href":"https:\/\/api.w.org\/{rel}","templated":true}]}}