{"id":849,"date":"2023-05-05T17:27:28","date_gmt":"2023-05-05T15:27:28","guid":{"rendered":"http:\/\/pal-wines.com\/?page_id=849"},"modified":"2023-05-09T09:54:04","modified_gmt":"2023-05-09T07:54:04","slug":"impressum","status":"publish","type":"page","link":"https:\/\/pal-wines.com\/de\/impressum\/","title":{"rendered":"Impressum"},"content":{"rendered":"\t\t<div data-elementor-type=\"wp-page\" data-elementor-id=\"849\" class=\"elementor elementor-849\" data-elementor-post-type=\"page\">\n\t\t\t\t\t\t<section class=\"elementor-section elementor-top-section elementor-element elementor-element-e77e1e4 elementor-section-boxed elementor-section-height-default elementor-section-height-default\" data-id=\"e77e1e4\" data-element_type=\"section\" data-e-type=\"section\">\n\t\t\t\t\t\t<div class=\"elementor-container elementor-column-gap-default\">\n\t\t\t\t\t<div class=\"elementor-column elementor-col-100 elementor-top-column elementor-element elementor-element-cac1bed\" data-id=\"cac1bed\" data-element_type=\"column\" data-e-type=\"column\">\n\t\t\t<div class=\"elementor-widget-wrap elementor-element-populated\">\n\t\t\t\t\t\t<div class=\"elementor-element elementor-element-7057c1c2 elementor-widget__width-initial elementor-widget-mobile__width-inherit elementor-widget elementor-widget-text-editor\" data-id=\"7057c1c2\" data-element_type=\"widget\" data-e-type=\"widget\" data-widget_type=\"text-editor.default\">\n\t\t\t\t<div class=\"elementor-widget-container\">\n\t\t\t\t\t\t\t\t\t<h1 class=\"p1\"><b>Impressum<\/b><\/h1><h3 class=\"p1\"><b>Angaben gem\u00e4\u00df \u00a7 5 TMG<\/b><\/h3><p>Werner J\u00f3zsef P\u00e1l<br \/>P\u00e1l Pince<\/p><p>Szent Gy\u00f6rgy-hegy 16<br \/>Hrsz:021\/13<br \/>8265 Hegymagas<br \/>Hungary<\/p><h3>Kontakt<\/h3><p>Telefon: <a href=\"tel:+49 172 8967648\">+49 172 8967648<\/a><br \/>E-Mail: <a href=\"mailto:contact@pal-wines.com\" target=\"_blank\" rel=\"noopener\">contact@pal-wines.com<\/a><\/p><h3>Redaktionell verantwortlich<\/h3><p>Werner J\u00f3zsef P\u00e1l<br \/>Szent Gy\u00f6rgy-hegy 16, Hrsz:021\/13<br \/>8265 Hegymagas<br \/>Hungary<\/p><h3>EU-Streitschlichtung<\/h3><p>Die Europ\u00e4ische Kommission stellt eine Plattform zur Online-Streitbeilegung (OS) bereit: <a href=\"https:\/\/ec.europa.eu\/consumers\/odr\/\">https:\/\/ec.europa.eu\/consumers\/odr\/<\/a>.Unsere E-Mail-Adresse finden Sie oben im Impressum.<\/p><h3>Verbraucherstreitbeilegung\/ Universalschlichtungsstelle<\/h3><p>Wir sind nicht bereit oder verpflichtet, an Streitbeilegungsverfahren vor einer Verbraucherschlichtungsstelle teilzunehmen.<\/p>\t\t\t\t\t\t\t\t<\/div>\n\t\t\t\t<\/div>\n\t\t\t\t\t<\/div>\n\t\t<\/div>\n\t\t\t\t\t<\/div>\n\t\t<\/section>\n\t\t\t\t<\/div>\n\t\t","protected":false},"excerpt":{"rendered":"<p>Impressum Angaben gem\u00e4\u00df \u00a7 5 TMG Werner J\u00f3zsef P\u00e1lP\u00e1l Pince Szent Gy\u00f6rgy-hegy 16Hrsz:021\/138265 HegymagasHungary Kontakt Telefon: +49 172 8967648E-Mail: contact@pal-wines.com Redaktionell verantwortlich Werner J\u00f3zsef P\u00e1lSzent Gy\u00f6rgy-hegy 16, Hrsz:021\/138265 HegymagasHungary EU-Streitschlichtung Die Europ\u00e4ische Kommission stellt eine Plattform zur Online-Streitbeilegung (OS) bereit: https:\/\/ec.europa.eu\/consumers\/odr\/.Unsere E-Mail-Adresse finden Sie oben im Impressum. Verbraucherstreitbeilegung\/ Universalschlichtungsstelle Wir sind nicht bereit oder verpflichtet, [&hellip;]<\/p>\n","protected":false},"author":3,"featured_media":0,"parent":0,"menu_order":0,"comment_status":"closed","ping_status":"open","template":"","meta":{"footnotes":""},"class_list":["post-849","page","type-page","status-publish","hentry"],"_links":{"self":[{"href":"https:\/\/pal-wines.com\/de\/wp-json\/wp\/v2\/pages\/849","targetHints":{"allow":["GET"]}}],"collection":[{"href":"https:\/\/pal-wines.com\/de\/wp-json\/wp\/v2\/pages"}],"about":[{"href":"https:\/\/pal-wines.com\/de\/wp-json\/wp\/v2\/types\/page"}],"author":[{"embeddable":true,"href":"https:\/\/pal-wines.com\/de\/wp-json\/wp\/v2\/users\/3"}],"replies":[{"embeddable":true,"href":"https:\/\/pal-wines.com\/de\/wp-json\/wp\/v2\/comments?post=849"}],"version-history":[{"count":5,"href":"https:\/\/pal-wines.com\/de\/wp-json\/wp\/v2\/pages\/849\/revisions"}],"predecessor-version":[{"id":971,"href":"https:\/\/pal-wines.com\/de\/wp-json\/wp\/v2\/pages\/849\/revisions\/971"}],"wp:attachment":[{"href":"https:\/\/pal-wines.com\/de\/wp-json\/wp\/v2\/media?parent=849"}],"curies":[{"name":"wp","href":"https:\/\/api.w.org\/{rel}","templated":true}]}}