{"id":608,"date":"2023-04-27T11:25:40","date_gmt":"2023-04-27T09:25:40","guid":{"rendered":"http:\/\/pal-wines.com\/finest-wine-culture\/"},"modified":"2026-03-31T19:47:27","modified_gmt":"2026-03-31T17:47:27","slug":"finest-wine-culture","status":"publish","type":"page","link":"https:\/\/pal-wines.com\/hu\/","title":{"rendered":"Finest Wine Culture"},"content":{"rendered":"\t\t<div data-elementor-type=\"wp-page\" data-elementor-id=\"608\" class=\"elementor elementor-608 elementor-10\" data-elementor-post-type=\"page\">\n\t\t\t\t<div class=\"elementor-element elementor-element-ecb50fe e-con-full e-flex e-con e-parent\" data-id=\"ecb50fe\" data-element_type=\"container\" data-e-type=\"container\" data-settings=\"{&quot;background_background&quot;:&quot;classic&quot;}\">\n\t\t<div class=\"elementor-element elementor-element-67cb4ae e-con-full e-flex e-con e-child\" data-id=\"67cb4ae\" data-element_type=\"container\" data-e-type=\"container\" data-settings=\"{&quot;background_background&quot;:&quot;classic&quot;}\">\n\t\t\t\t<div class=\"elementor-element elementor-element-73505a9 elementor-widget__width-initial elementor-widget elementor-widget-heading\" data-id=\"73505a9\" data-element_type=\"widget\" data-e-type=\"widget\" data-widget_type=\"heading.default\">\n\t\t\t\t<div class=\"elementor-widget-container\">\n\t\t\t\t\t<h2 class=\"elementor-heading-title elementor-size-default\">\u00dcdv\u00f6z\u00f6lj\u00fck a bor\u00e1szatunkban!<\/h2>\t\t\t\t<\/div>\n\t\t\t\t<\/div>\n\t\t\t\t<\/div>\n\t\t\t\t<\/div>\n\t\t<div class=\"elementor-element elementor-element-db728aa e-flex e-con-boxed e-con e-parent\" data-id=\"db728aa\" data-element_type=\"container\" data-e-type=\"container\">\n\t\t\t\t\t<div class=\"e-con-inner\">\n\t\t\t\t<div class=\"elementor-element elementor-element-fcff350 elementor-widget__width-initial elementor-widget elementor-widget-heading\" data-id=\"fcff350\" data-element_type=\"widget\" data-e-type=\"widget\" data-widget_type=\"heading.default\">\n\t\t\t\t<div class=\"elementor-widget-container\">\n\t\t\t\t\t<h3 class=\"elementor-heading-title elementor-size-default\">Current Events<\/h3>\t\t\t\t<\/div>\n\t\t\t\t<\/div>\n\t\t\t\t<div class=\"elementor-element elementor-element-580a684 elementor-grid-3 elementor-widget__width-initial elementor-grid-tablet-2 elementor-grid-mobile-1 elementor-widget elementor-widget-loop-grid\" data-id=\"580a684\" data-element_type=\"widget\" data-e-type=\"widget\" data-settings=\"{&quot;template_id&quot;:1610,&quot;columns&quot;:3,&quot;row_gap&quot;:{&quot;unit&quot;:&quot;px&quot;,&quot;size&quot;:52,&quot;sizes&quot;:[]},&quot;_skin&quot;:&quot;post&quot;,&quot;columns_tablet&quot;:&quot;2&quot;,&quot;columns_mobile&quot;:&quot;1&quot;,&quot;edit_handle_selector&quot;:&quot;[data-elementor-type=\\&quot;loop-item\\&quot;]&quot;,&quot;row_gap_widescreen&quot;:{&quot;unit&quot;:&quot;px&quot;,&quot;size&quot;:&quot;&quot;,&quot;sizes&quot;:[]},&quot;row_gap_laptop&quot;:{&quot;unit&quot;:&quot;px&quot;,&quot;size&quot;:&quot;&quot;,&quot;sizes&quot;:[]},&quot;row_gap_tablet_extra&quot;:{&quot;unit&quot;:&quot;px&quot;,&quot;size&quot;:&quot;&quot;,&quot;sizes&quot;:[]},&quot;row_gap_tablet&quot;:{&quot;unit&quot;:&quot;px&quot;,&quot;size&quot;:&quot;&quot;,&quot;sizes&quot;:[]},&quot;row_gap_mobile&quot;:{&quot;unit&quot;:&quot;px&quot;,&quot;size&quot;:&quot;&quot;,&quot;sizes&quot;:[]}}\" data-widget_type=\"loop-grid.post\">\n\t\t\t\t<div class=\"elementor-widget-container\">\n\t\t\t\t\t\t\t<div class=\"elementor-loop-container elementor-grid\" role=\"list\">\n\t\t<style id=\"loop-1610\">.elementor-1610 .elementor-element.elementor-element-3d0572f{--display:flex;--flex-direction:column;--container-widget-width:100%;--container-widget-height:initial;--container-widget-flex-grow:0;--container-widget-align-self:initial;--flex-wrap-mobile:wrap;}.elementor-1610 .elementor-element.elementor-element-df264b5 .elementor-heading-title{font-size:25px;}.elementor-1610 .elementor-element.elementor-element-614d8d2 .elementor-heading-title{font-size:20px;}<\/style>\t\t<div data-elementor-type=\"loop-item\" data-elementor-id=\"1610\" class=\"elementor elementor-1610 elementor-1558 elementor-1558 e-loop-item e-loop-item-1682 post-1682 post type-post status-publish format-standard hentry category-unkategorisiert\" data-elementor-post-type=\"elementor_library\" data-custom-edit-handle=\"1\">\n\t\t\t<div class=\"elementor-element elementor-element-3d0572f e-flex e-con-boxed e-con e-parent\" data-id=\"3d0572f\" data-element_type=\"container\" data-e-type=\"container\">\n\t\t\t\t\t<div class=\"e-con-inner\">\n\t\t\t\t<div class=\"elementor-element elementor-element-df264b5 elementor-widget elementor-widget-heading\" data-id=\"df264b5\" data-element_type=\"widget\" data-e-type=\"widget\" data-widget_type=\"heading.default\">\n\t\t\t\t<div class=\"elementor-widget-container\">\n\t\t\t\t\t<h3 class=\"elementor-heading-title elementor-size-default\"><a href=\"https:\/\/pal-wines.com\/hu\/tavasznyito-szent-gyorgy-hegyi-bolhapiac-2025-aprilis-19-szombat\/\">Tavaszny\u00edt\u00f3,sezonny\u00edt\u00f3, Szent Gy\u00f6rgy-hegyi BOLHAPIAC 2026 \u00c1prilis 04 szombat<\/a><\/h3>\t\t\t\t<\/div>\n\t\t\t\t<\/div>\n\t\t\t\t<div class=\"elementor-element elementor-element-614d8d2 elementor-widget elementor-widget-heading\" data-id=\"614d8d2\" data-element_type=\"widget\" data-e-type=\"widget\" data-widget_type=\"heading.default\">\n\t\t\t\t<div class=\"elementor-widget-container\">\n\t\t\t\t\t<h4 class=\"elementor-heading-title elementor-size-default\"><a href=\"https:\/\/pal-wines.com\/hu\/tavasznyito-szent-gyorgy-hegyi-bolhapiac-2025-aprilis-19-szombat\/\">l\u00e1sd az esem\u00e9ny r\u00e9szleteit<\/a><\/h4>\t\t\t\t<\/div>\n\t\t\t\t<\/div>\n\t\t\t\t\t<\/div>\n\t\t\t\t<\/div>\n\t\t\t\t<\/div>\n\t\t\t\t<div data-elementor-type=\"loop-item\" data-elementor-id=\"1610\" class=\"elementor elementor-1610 elementor-1558 elementor-1558 e-loop-item e-loop-item-1685 post-1685 post type-post status-publish format-standard hentry category-unkategorisiert\" data-elementor-post-type=\"elementor_library\" data-custom-edit-handle=\"1\">\n\t\t\t<div class=\"elementor-element elementor-element-3d0572f e-flex e-con-boxed e-con e-parent\" data-id=\"3d0572f\" data-element_type=\"container\" data-e-type=\"container\">\n\t\t\t\t\t<div class=\"e-con-inner\">\n\t\t\t\t<div class=\"elementor-element elementor-element-df264b5 elementor-widget elementor-widget-heading\" data-id=\"df264b5\" data-element_type=\"widget\" data-e-type=\"widget\" data-widget_type=\"heading.default\">\n\t\t\t\t<div class=\"elementor-widget-container\">\n\t\t\t\t\t<h3 class=\"elementor-heading-title elementor-size-default\"><a href=\"https:\/\/pal-wines.com\/hu\/szent-gyorgy-hegy-hajnalig-2025-06-07\/\">Szent Gy\u00f6rgy-hegy hajnalig, 2026.06.06<\/a><\/h3>\t\t\t\t<\/div>\n\t\t\t\t<\/div>\n\t\t\t\t<div class=\"elementor-element elementor-element-614d8d2 elementor-widget elementor-widget-heading\" data-id=\"614d8d2\" data-element_type=\"widget\" data-e-type=\"widget\" data-widget_type=\"heading.default\">\n\t\t\t\t<div class=\"elementor-widget-container\">\n\t\t\t\t\t<h4 class=\"elementor-heading-title elementor-size-default\"><a href=\"https:\/\/pal-wines.com\/hu\/szent-gyorgy-hegy-hajnalig-2025-06-07\/\">l\u00e1sd az esem\u00e9ny r\u00e9szleteit<\/a><\/h4>\t\t\t\t<\/div>\n\t\t\t\t<\/div>\n\t\t\t\t\t<\/div>\n\t\t\t\t<\/div>\n\t\t\t\t<\/div>\n\t\t\t\t<\/div>\n\t\t\n\t\t\t\t\t\t<\/div>\n\t\t\t\t<\/div>\n\t\t\t\t\t<\/div>\n\t\t\t\t<\/div>\n\t\t<div class=\"elementor-element elementor-element-e7efeb1 e-flex e-con-boxed e-con e-parent\" data-id=\"e7efeb1\" data-element_type=\"container\" data-e-type=\"container\">\n\t\t\t\t\t<div class=\"e-con-inner\">\n\t\t<div class=\"elementor-element elementor-element-8e52e4a e-con-full e-flex e-con e-child\" data-id=\"8e52e4a\" data-element_type=\"container\" data-e-type=\"container\" data-settings=\"{&quot;background_background&quot;:&quot;classic&quot;}\">\n\t\t\t\t<div class=\"elementor-element elementor-element-282365d elementor-widget__width-initial elementor-widget elementor-widget-heading\" data-id=\"282365d\" data-element_type=\"widget\" data-e-type=\"widget\" data-widget_type=\"heading.default\">\n\t\t\t\t<div class=\"elementor-widget-container\">\n\t\t\t\t\t<h3 class=\"elementor-heading-title elementor-size-default\">Borok, amelyek egyszer\u0171en boldogg\u00e1 tesznek.<\/h3>\t\t\t\t<\/div>\n\t\t\t\t<\/div>\n\t\t\t\t<div class=\"elementor-element elementor-element-689da21 elementor-widget-tablet__width-inherit elementor-widget elementor-widget-heading\" data-id=\"689da21\" data-element_type=\"widget\" data-e-type=\"widget\" data-widget_type=\"heading.default\">\n\t\t\t\t<div class=\"elementor-widget-container\">\n\t\t\t\t\t<h3 class=\"elementor-heading-title elementor-size-default\">Csod\u00e1latosan gy\u00fcm\u00f6lcs\u00f6s, \u201evulkanikus\u201d \u00e9s <br>t\u00f6k\u00e9letesen kiegyens\u00falyozott.<\/h3>\t\t\t\t<\/div>\n\t\t\t\t<\/div>\n\t\t\t\t<\/div>\n\t\t<div class=\"elementor-element elementor-element-2df6d48 e-con-full e-flex e-con e-child\" data-id=\"2df6d48\" data-element_type=\"container\" data-e-type=\"container\" data-settings=\"{&quot;background_background&quot;:&quot;classic&quot;}\">\n\t\t\t\t<\/div>\n\t\t\t\t\t<\/div>\n\t\t\t\t<\/div>\n\t\t<div class=\"elementor-element elementor-element-c3d13b3 e-flex e-con-boxed e-con e-parent\" data-id=\"c3d13b3\" data-element_type=\"container\" data-e-type=\"container\">\n\t\t\t\t\t<div class=\"e-con-inner\">\n\t\t\t\t<div class=\"elementor-element elementor-element-3d5d10a elementor-widget__width-initial elementor-widget-tablet__width-inherit elementor-widget elementor-widget-text-editor\" data-id=\"3d5d10a\" data-element_type=\"widget\" data-e-type=\"widget\" data-widget_type=\"text-editor.default\">\n\t\t\t\t<div class=\"elementor-widget-container\">\n\t\t\t\t\t\t\t\t\t<p>\u00c9lvezz\u00e9k gy\u00fcm\u00f6lcs\u00f6s borainkat a mi kis pinc\u00e9nkb\u00f6l, k\u00f6r\u00fclv\u00e9ve a csod\u00e1latos vulk\u00e1nikus hegyekkel, a Balaton k\u00f6zel\u00e9ben. <\/p>\t\t\t\t\t\t\t\t<\/div>\n\t\t\t\t<\/div>\n\t\t\t\t\t<\/div>\n\t\t\t\t<\/div>\n\t\t<div class=\"elementor-element elementor-element-9c83186 e-flex e-con-boxed e-con e-parent\" data-id=\"9c83186\" data-element_type=\"container\" data-e-type=\"container\">\n\t\t\t\t\t<div class=\"e-con-inner\">\n\t\t\t\t<div class=\"elementor-element elementor-element-fb52bc0 elementor-widget__width-initial elementor-widget-tablet__width-inherit elementor-widget elementor-widget-text-editor\" data-id=\"fb52bc0\" data-element_type=\"widget\" data-e-type=\"widget\" data-widget_type=\"text-editor.default\">\n\t\t\t\t<div class=\"elementor-widget-container\">\n\t\t\t\t\t\t\t\t\t<p>A Szent Gy\u00f6rgy -hegy k\u00f6rny\u00e9ki term\u00e9keny talaj, a k\u00fcl\u00f6nleges vulk\u00e1nikus terroir \u00e9s a t\u00f3 enyhe \u00e9ghajlata t\u00f6k\u00e9letes k\u00f6r\u00fclm\u00e9nyeket biztos\u00edt a bor\u00e1szatnak.<\/p>\t\t\t\t\t\t\t\t<\/div>\n\t\t\t\t<\/div>\n\t\t\t\t\t<\/div>\n\t\t\t\t<\/div>\n\t\t<div class=\"elementor-element elementor-element-3abd047 e-flex e-con-boxed e-con e-parent\" data-id=\"3abd047\" data-element_type=\"container\" data-e-type=\"container\" data-settings=\"{&quot;background_background&quot;:&quot;classic&quot;}\">\n\t\t\t\t\t<div class=\"e-con-inner\">\n\t\t<div class=\"elementor-element elementor-element-b29e17e e-con-full e-flex e-con e-child\" data-id=\"b29e17e\" data-element_type=\"container\" data-e-type=\"container\" data-settings=\"{&quot;background_background&quot;:&quot;classic&quot;}\">\n\t\t\t\t<\/div>\n\t\t\t\t\t<\/div>\n\t\t\t\t<\/div>\n\t\t<div class=\"elementor-element elementor-element-112e035 e-flex e-con-boxed e-con e-parent\" data-id=\"112e035\" data-element_type=\"container\" data-e-type=\"container\" data-settings=\"{&quot;background_background&quot;:&quot;classic&quot;}\">\n\t\t\t\t\t<div class=\"e-con-inner\">\n\t\t<div class=\"elementor-element elementor-element-3403dbd e-con-full e-flex e-con e-child\" data-id=\"3403dbd\" data-element_type=\"container\" data-e-type=\"container\" data-settings=\"{&quot;background_background&quot;:&quot;classic&quot;}\">\n\t\t\t\t<\/div>\n\t\t<div class=\"elementor-element elementor-element-b89133c e-con-full e-flex e-con e-child\" data-id=\"b89133c\" data-element_type=\"container\" data-e-type=\"container\" data-settings=\"{&quot;background_background&quot;:&quot;classic&quot;}\">\n\t\t\t\t<\/div>\n\t\t<div class=\"elementor-element elementor-element-6d2d423 e-con-full e-flex e-con e-child\" data-id=\"6d2d423\" data-element_type=\"container\" data-e-type=\"container\" data-settings=\"{&quot;background_background&quot;:&quot;classic&quot;}\">\n\t\t\t\t<\/div>\n\t\t\t\t\t<\/div>\n\t\t\t\t<\/div>\n\t\t<div class=\"elementor-element elementor-element-23cc2df e-flex e-con-boxed e-con e-parent\" data-id=\"23cc2df\" data-element_type=\"container\" data-e-type=\"container\" data-settings=\"{&quot;background_background&quot;:&quot;classic&quot;}\">\n\t\t\t\t\t<div class=\"e-con-inner\">\n\t\t<div class=\"elementor-element elementor-element-9cf6958 e-flex e-con-boxed e-con e-child\" data-id=\"9cf6958\" data-element_type=\"container\" data-e-type=\"container\">\n\t\t\t\t\t<div class=\"e-con-inner\">\n\t\t\t\t<div class=\"elementor-element elementor-element-69fec61 elementor-widget elementor-widget-image\" data-id=\"69fec61\" data-element_type=\"widget\" data-e-type=\"widget\" data-widget_type=\"image.default\">\n\t\t\t\t<div class=\"elementor-widget-container\">\n\t\t\t\t\t\t\t\t\t\t\t\t\t\t\t<img decoding=\"async\" width=\"1\" height=\"1\" src=\"https:\/\/pal-wines.com\/wp-content\/uploads\/2023\/04\/Group-98.svg\" class=\"attachment-large size-large wp-image-115\" alt=\"\" \/>\t\t\t\t\t\t\t\t\t\t\t\t\t\t\t<\/div>\n\t\t\t\t<\/div>\n\t\t<div class=\"elementor-element elementor-element-ab07040 e-con-full e-flex e-con e-child\" data-id=\"ab07040\" data-element_type=\"container\" data-e-type=\"container\">\n\t\t\t\t<div class=\"elementor-element elementor-element-c387548 elementor-widget-tablet__width-initial elementor-widget elementor-widget-heading\" data-id=\"c387548\" data-element_type=\"widget\" data-e-type=\"widget\" data-widget_type=\"heading.default\">\n\t\t\t\t<div class=\"elementor-widget-container\">\n\t\t\t\t\t<h4 class=\"elementor-heading-title elementor-size-default\">Laza hangulat \u00e9s finoms\u00e1gok a konyh\u00e1nkb\u00f3l<\/h4>\t\t\t\t<\/div>\n\t\t\t\t<\/div>\n\t\t\t\t<\/div>\n\t\t\t\t\t<\/div>\n\t\t\t\t<\/div>\n\t\t<div class=\"elementor-element elementor-element-231af31 e-flex e-con-boxed e-con e-child\" data-id=\"231af31\" data-element_type=\"container\" data-e-type=\"container\">\n\t\t\t\t\t<div class=\"e-con-inner\">\n\t\t\t\t<div class=\"elementor-element elementor-element-8319690 elementor-widget elementor-widget-image\" data-id=\"8319690\" data-element_type=\"widget\" data-e-type=\"widget\" data-widget_type=\"image.default\">\n\t\t\t\t<div class=\"elementor-widget-container\">\n\t\t\t\t\t\t\t\t\t\t\t\t\t\t\t<img fetchpriority=\"high\" decoding=\"async\" width=\"800\" height=\"576\" src=\"https:\/\/pal-wines.com\/wp-content\/uploads\/2024\/11\/0_2_b-1024x737.jpg\" class=\"attachment-large size-large wp-image-1467\" alt=\"\" srcset=\"https:\/\/pal-wines.com\/wp-content\/uploads\/2024\/11\/0_2_b-1024x737.jpg 1024w, https:\/\/pal-wines.com\/wp-content\/uploads\/2024\/11\/0_2_b-300x216.jpg 300w, https:\/\/pal-wines.com\/wp-content\/uploads\/2024\/11\/0_2_b-768x553.jpg 768w, https:\/\/pal-wines.com\/wp-content\/uploads\/2024\/11\/0_2_b.jpg 1164w\" sizes=\"(max-width: 800px) 100vw, 800px\" \/>\t\t\t\t\t\t\t\t\t\t\t\t\t\t\t<\/div>\n\t\t\t\t<\/div>\n\t\t\t\t<div class=\"elementor-element elementor-element-b590e6e elementor-widget__width-initial elementor-widget-tablet__width-inherit elementor-widget elementor-widget-text-editor\" data-id=\"b590e6e\" data-element_type=\"widget\" data-e-type=\"widget\" data-widget_type=\"text-editor.default\">\n\t\t\t\t<div class=\"elementor-widget-container\">\n\t\t\t\t\t\t\t\t\t<p>Pihenjen teraszunkon a t\u00f3 \u00e9s a vulkanikus hegyek k\u00f6z\u00f6tt. Szeretettel megh\u00edvjuk \u00d6nt! \u00c9lvezze region\u00e1lis konyh\u00e1nkat friss z\u00f6lds\u00e9gekkel a kert\u00fcnkb\u0151l, hozz\u00e1 ill\u0151 borokkal \u00e9s laza ny\u00e1ri lounge zen\u00e9vel.  <\/p><p>Tekintse meg esem\u00e9nynapt\u00e1runkat a<br><a href=\"https:\/\/www.facebook.com\/wernerjozsef.pal\" target=\"_blank\" rel=\"noopener\"><strong>facebook<\/strong><\/a> &amp; <a href=\"https:\/\/www.instagram.com\/pal_wines\/\" target=\"_blank\" rel=\"noopener\"><strong>instagram<\/strong><\/a>.<\/p>\t\t\t\t\t\t\t\t<\/div>\n\t\t\t\t<\/div>\n\t\t\t\t\t<\/div>\n\t\t\t\t<\/div>\n\t\t\t\t\t<\/div>\n\t\t\t\t<\/div>\n\t\t<div class=\"elementor-element elementor-element-3da1ea1 e-flex e-con-boxed e-con e-parent\" data-id=\"3da1ea1\" data-element_type=\"container\" data-e-type=\"container\" data-settings=\"{&quot;background_background&quot;:&quot;classic&quot;}\">\n\t\t\t\t\t<div class=\"e-con-inner\">\n\t\t<div class=\"elementor-element elementor-element-f21379b e-con-full e-flex e-con e-child\" data-id=\"f21379b\" data-element_type=\"container\" data-e-type=\"container\" data-settings=\"{&quot;background_background&quot;:&quot;classic&quot;}\">\n\t\t\t\t<\/div>\n\t\t\t\t\t<\/div>\n\t\t\t\t<\/div>\n\t\t<div class=\"elementor-element elementor-element-2984d34 e-flex e-con-boxed e-con e-parent\" data-id=\"2984d34\" data-element_type=\"container\" data-e-type=\"container\" data-settings=\"{&quot;background_background&quot;:&quot;classic&quot;}\">\n\t\t\t\t\t<div class=\"e-con-inner\">\n\t\t<div class=\"elementor-element elementor-element-576cfa0 e-con-full e-flex e-con e-child\" data-id=\"576cfa0\" data-element_type=\"container\" data-e-type=\"container\" data-settings=\"{&quot;background_background&quot;:&quot;classic&quot;}\">\n\t\t\t\t<\/div>\n\t\t<div class=\"elementor-element elementor-element-98a92dc e-con-full e-flex e-con e-child\" data-id=\"98a92dc\" data-element_type=\"container\" data-e-type=\"container\" data-settings=\"{&quot;background_background&quot;:&quot;classic&quot;}\">\n\t\t\t\t<\/div>\n\t\t<div class=\"elementor-element elementor-element-20cf07d e-con-full e-flex e-con e-child\" data-id=\"20cf07d\" data-element_type=\"container\" data-e-type=\"container\" data-settings=\"{&quot;background_background&quot;:&quot;classic&quot;}\">\n\t\t\t\t<\/div>\n\t\t\t\t\t<\/div>\n\t\t\t\t<\/div>\n\t\t<div class=\"elementor-element elementor-element-161516e e-grid e-con-boxed e-con e-parent\" data-id=\"161516e\" data-element_type=\"container\" data-e-type=\"container\">\n\t\t\t\t\t<div class=\"e-con-inner\">\n\t\t\t\t\t<\/div>\n\t\t\t\t<\/div>\n\t\t\t\t<\/div>\n\t\t","protected":false},"excerpt":{"rendered":"<p>\u00dcdv\u00f6z\u00f6lj\u00fck a bor\u00e1szatunkban! Current Events Borok, amelyek egyszer\u0171en boldogg\u00e1 tesznek. Csod\u00e1latosan gy\u00fcm\u00f6lcs\u00f6s, \u201evulkanikus\u201d \u00e9s t\u00f6k\u00e9letesen kiegyens\u00falyozott. \u00c9lvezz\u00e9k gy\u00fcm\u00f6lcs\u00f6s borainkat a mi kis pinc\u00e9nkb\u00f6l, k\u00f6r\u00fclv\u00e9ve a csod\u00e1latos vulk\u00e1nikus hegyekkel, a Balaton k\u00f6zel\u00e9ben. A Szent Gy\u00f6rgy -hegy k\u00f6rny\u00e9ki term\u00e9keny talaj, a k\u00fcl\u00f6nleges vulk\u00e1nikus terroir \u00e9s a t\u00f3 enyhe \u00e9ghajlata t\u00f6k\u00e9letes k\u00f6r\u00fclm\u00e9nyeket biztos\u00edt a bor\u00e1szatnak. Laza hangulat \u00e9s [&hellip;]<\/p>\n","protected":false},"author":1,"featured_media":0,"parent":0,"menu_order":0,"comment_status":"closed","ping_status":"closed","template":"","meta":{"footnotes":""},"class_list":["post-608","page","type-page","status-publish","hentry"],"_links":{"self":[{"href":"https:\/\/pal-wines.com\/hu\/wp-json\/wp\/v2\/pages\/608","targetHints":{"allow":["GET"]}}],"collection":[{"href":"https:\/\/pal-wines.com\/hu\/wp-json\/wp\/v2\/pages"}],"about":[{"href":"https:\/\/pal-wines.com\/hu\/wp-json\/wp\/v2\/types\/page"}],"author":[{"embeddable":true,"href":"https:\/\/pal-wines.com\/hu\/wp-json\/wp\/v2\/users\/1"}],"replies":[{"embeddable":true,"href":"https:\/\/pal-wines.com\/hu\/wp-json\/wp\/v2\/comments?post=608"}],"version-history":[{"count":14,"href":"https:\/\/pal-wines.com\/hu\/wp-json\/wp\/v2\/pages\/608\/revisions"}],"predecessor-version":[{"id":1821,"href":"https:\/\/pal-wines.com\/hu\/wp-json\/wp\/v2\/pages\/608\/revisions\/1821"}],"wp:attachment":[{"href":"https:\/\/pal-wines.com\/hu\/wp-json\/wp\/v2\/media?parent=608"}],"curies":[{"name":"wp","href":"https:\/\/api.w.org\/{rel}","templated":true}]}}