{"id":612,"date":"2023-04-27T11:35:17","date_gmt":"2023-04-27T09:35:17","guid":{"rendered":"http:\/\/pal-wines.com\/tortenetunk\/"},"modified":"2025-05-13T23:16:45","modified_gmt":"2025-05-13T21:16:45","slug":"tortenetunk","status":"publish","type":"page","link":"https:\/\/pal-wines.com\/hu\/tortenetunk\/","title":{"rendered":"T\u00f6rt\u00e9net\u00fcnk"},"content":{"rendered":"\t\t<div data-elementor-type=\"wp-page\" data-elementor-id=\"612\" class=\"elementor elementor-612 elementor-386\" data-elementor-post-type=\"page\">\n\t\t\t\t<div class=\"elementor-element elementor-element-ecb50fe e-flex e-con-boxed e-con e-parent\" data-id=\"ecb50fe\" data-element_type=\"container\" data-e-type=\"container\" data-settings=\"{&quot;background_background&quot;:&quot;classic&quot;}\">\n\t\t\t\t\t<div class=\"e-con-inner\">\n\t\t<div class=\"elementor-element elementor-element-67cb4ae e-con-full e-flex e-con e-child\" data-id=\"67cb4ae\" data-element_type=\"container\" data-e-type=\"container\" data-settings=\"{&quot;background_background&quot;:&quot;classic&quot;}\">\n\t\t\t\t<\/div>\n\t\t\t\t\t<\/div>\n\t\t\t\t<\/div>\n\t\t<div class=\"elementor-element elementor-element-e7efeb1 e-flex e-con-boxed e-con e-parent\" data-id=\"e7efeb1\" data-element_type=\"container\" data-e-type=\"container\">\n\t\t\t\t\t<div class=\"e-con-inner\">\n\t\t<div class=\"elementor-element elementor-element-8e52e4a e-con-full e-flex e-con e-child\" data-id=\"8e52e4a\" data-element_type=\"container\" data-e-type=\"container\" data-settings=\"{&quot;background_background&quot;:&quot;classic&quot;}\">\n\t\t\t\t<div class=\"elementor-element elementor-element-689da21 elementor-widget-tablet__width-inherit elementor-widget__width-inherit elementor-widget-laptop__width-initial elementor-hidden-mobile elementor-widget elementor-widget-heading\" data-id=\"689da21\" data-element_type=\"widget\" data-e-type=\"widget\" data-widget_type=\"heading.default\">\n\t\t\t\t<div class=\"elementor-widget-container\">\n\t\t\t\t\t<h3 class=\"elementor-heading-title elementor-size-default\">K\u00f6z\u00f6s <br>\nszeretet\u00fck <br>\na finom \u00e9telek,<br>\n\u00e9s a m\u00e9g<br>\njobb<br>\nborok.<\/h3>\t\t\t\t<\/div>\n\t\t\t\t<\/div>\n\t\t\t\t<div class=\"elementor-element elementor-element-5ade6d9 elementor-widget-tablet__width-inherit elementor-widget__width-inherit elementor-widget-laptop__width-initial elementor-hidden-desktop elementor-hidden-laptop elementor-hidden-tablet_extra elementor-hidden-tablet elementor-widget elementor-widget-heading\" data-id=\"5ade6d9\" data-element_type=\"widget\" data-e-type=\"widget\" data-widget_type=\"heading.default\">\n\t\t\t\t<div class=\"elementor-widget-container\">\n\t\t\t\t\t<h3 class=\"elementor-heading-title elementor-size-default\">K\u00f6z\u00f6s\nszeretet\u00fck\na finom \u00e9telek,\n\u00e9s a m\u00e9g\njobb\nborok.<\/h3>\t\t\t\t<\/div>\n\t\t\t\t<\/div>\n\t\t\t\t<\/div>\n\t\t<div class=\"elementor-element elementor-element-2df6d48 e-con-full e-flex e-con e-child\" data-id=\"2df6d48\" data-element_type=\"container\" data-e-type=\"container\" data-settings=\"{&quot;background_background&quot;:&quot;classic&quot;}\">\n\t\t\t\t<div class=\"elementor-element elementor-element-8cb5627 elementor-widget__width-initial elementor-widget-tablet__width-inherit elementor-widget-mobile__width-initial elementor-widget elementor-widget-text-editor\" data-id=\"8cb5627\" data-element_type=\"widget\" data-e-type=\"widget\" data-widget_type=\"text-editor.default\">\n\t\t\t\t<div class=\"elementor-widget-container\">\n\t\t\t\t\t\t\t\t\t<p><strong>Hogyan j\u00f6tt l\u00e9tre a mi kis mikro pinc\u00e9szet\u00fcnk?<\/strong><br \/><strong>Ez a t\u00f6rt\u00e9net \u00e1ll m\u00f6g\u00f6tte.<\/strong><\/p>\n\t\t\t\t\t\t\t\t<\/div>\n\t\t\t\t<\/div>\n\t\t\t\t<div class=\"elementor-element elementor-element-7bc03a7 elementor-widget__width-initial elementor-widget-tablet__width-inherit elementor-widget elementor-widget-text-editor\" data-id=\"7bc03a7\" data-element_type=\"widget\" data-e-type=\"widget\" data-widget_type=\"text-editor.default\">\n\t\t\t\t<div class=\"elementor-widget-container\">\n\t\t\t\t\t\t\t\t\t<p>Mint szabads\u00e1gszeret\u00f6 ember, Werner J\u00f3zsef 1987-ben kalandos \u00e9s izgalmas k\u00f6r\u00fclm\u00e9nyek k\u00f6z\u00f6tt kisz\u00f6k\u00f6tt a komunista Rom\u00e1ni\u00e1b\u00f3l, N\u00e9metorsz\u00e1gba, ah\u00f3l el\u00e9rte \u00e1lmait , \u00e9s sokat utazott a v\u00edl\u00e1g k\u00fcl\u00f6mb\u00f6z\u00f6 r\u00e9szein.<\/p>\n<p>Werner J\u00f3zsef egy n\u00fcrnbergi m\u00fcv\u00e9szeti ki\u00e1ll\u00edt\u00e1s mgnyit\u00f3j\u00e1n tal\u00e1lkozott Karinnal aki Ludwigsburgb\u00f3l k\u00f6lt\u00f6z\u00f6tt oda. Karin sport \u00e9s tornatan\u00e1rn\u00f6, t\u00e1ncpedag\u00f3gi\u00e1t tanult, kor\u00e1bban pedig profi sportol\u00f3kat edzett labdarug\u00e1sban, j\u00e9ghokiban meg m\u00e1s sport\u00e1gakban.<\/p>\n\t\t\t\t\t\t\t\t<\/div>\n\t\t\t\t<\/div>\n\t\t\t\t<\/div>\n\t\t\t\t\t<\/div>\n\t\t\t\t<\/div>\n\t\t<div class=\"elementor-element elementor-element-c3d13b3 e-flex e-con-boxed e-con e-parent\" data-id=\"c3d13b3\" data-element_type=\"container\" data-e-type=\"container\">\n\t\t\t\t\t<div class=\"e-con-inner\">\n\t\t\t\t<div class=\"elementor-element elementor-element-3d5d10a elementor-widget__width-inherit elementor-widget-tablet__width-inherit elementor-widget elementor-widget-text-editor\" data-id=\"3d5d10a\" data-element_type=\"widget\" data-e-type=\"widget\" data-widget_type=\"text-editor.default\">\n\t\t\t\t<div class=\"elementor-widget-container\">\n\t\t\t\t\t\t\t\t\t<p>Karin \u00e9s Werner megosztj\u00e1k a &#8222;d\u00e9li \u00e9letm\u00f3d&#8221; ir\u00e1nti szeretet\u00fcket, \u00e9s felfedezt\u00e9k szenved\u00e9ly\u00fcket a j\u00f3 borok \u00e9s a mediterr\u00e1n \u00e9telek ir\u00e1nt. L\u00e1nyuk, Jolina sz\u00fclet\u00e9se ut\u00e1n \u00f6sszeszedt\u00e9k minden b\u00e1tors\u00e1gukat, \u00e9s a Balaton melletti Szent Gy\u00f6rgy-hegyen v\u00e1s\u00e1roltak egy sz\u0151l\u0151t egy kis pinc\u00e9vel. Ez volt a kezdete egy boldog \u00e9s term\u00e9szetes \u00e9letnek, ami a mai napig form\u00e1lja \u0151ket.<\/p>\n<p>Az els\u0151 l\u00e9p\u00e9sek a bork\u00e9sz\u00edt\u00e9sben nagyon megterhel\u0151ek voltak, de a szomsz\u00e9dok \u00e9s a bar\u00e1tok seg\u00edtettek \u00e9s t\u00e1mogatt\u00e1k az \u00faj bor\u00e1szokat, \u00edgy bar\u00e1ti k\u00f6tel\u00e9k alakult ki. Emellett egy profi pincemester tan\u00edtotta Wernert a borok min\u0151s\u00e9g\u00e9re \u00e9s karakter\u00e9re. Werner \u00e9s Karin P\u00e1l 2019-ben egy figyelemre m\u00e9lt\u00f3 deb\u00fct\u00e1l\u00f3 bort tudott bemutatni!<\/p>\n<p>Ma egy hekt\u00e1r f\u00f6ldet m\u00fcvelnek, \u00e9s k\u00e9t sz\u00f6l\u00f6fajt\u00e1ra koncentr\u00e1lnak. A v\u00f6r\u00f6s Cabernet Sauvignon \u00e9s a feh\u00e9r Pinot Blanc. A szent Gy\u00f6rgy hegyi borvid\u00e9ken az els\u00f6k k\u00f6z\u00f6tt voltak, akik a vulkanikus terroiron a gy\u00fcm\u00f6lcs\u00f6s f\u00fcszere Pinot Blanc termeszt\u00e9s\u00e9vel kezdtek. Az eredm\u00e9ny igazat adott, \u00e9s \u00edgy egy sikeres bort hoztak l\u00e9tre kis pinc\u00e9j\u00fckben.<\/p>\n<p>A teraszukon a sz\u00e9p Badacsonyi kil\u00e1t\u00e1ssal, kis kulin\u00e1ris meglepet\u00e9sekkel \u00e9s finom borokkal v\u00e1rj\u00e1k. Mindezek a mediterr\u00e1n, balk\u00e1n, magyar \u00e9s erd\u00e9lyi konyha inszpir\u00e1cioj\u00e1bol sz\u00e1rmaznak. Kezdj\u00fck 2023 J\u00fanius 3-\u00e1n.<\/p>\n\t\t\t\t\t\t\t\t<\/div>\n\t\t\t\t<\/div>\n\t\t\t\t\t<\/div>\n\t\t\t\t<\/div>\n\t\t<div class=\"elementor-element elementor-element-112e035 e-flex e-con-boxed e-con e-parent\" data-id=\"112e035\" data-element_type=\"container\" data-e-type=\"container\" data-settings=\"{&quot;background_background&quot;:&quot;classic&quot;}\">\n\t\t\t\t\t<div class=\"e-con-inner\">\n\t\t<div class=\"elementor-element elementor-element-3403dbd e-con-full e-flex e-con e-child\" data-id=\"3403dbd\" data-element_type=\"container\" data-e-type=\"container\" data-settings=\"{&quot;background_background&quot;:&quot;classic&quot;}\">\n\t\t\t\t<\/div>\n\t\t<div class=\"elementor-element elementor-element-b89133c e-con-full e-flex e-con e-child\" data-id=\"b89133c\" data-element_type=\"container\" data-e-type=\"container\" data-settings=\"{&quot;background_background&quot;:&quot;classic&quot;}\">\n\t\t\t\t<\/div>\n\t\t<div class=\"elementor-element elementor-element-6d2d423 e-con-full e-flex e-con e-child\" data-id=\"6d2d423\" data-element_type=\"container\" data-e-type=\"container\" data-settings=\"{&quot;background_background&quot;:&quot;classic&quot;}\">\n\t\t\t\t<\/div>\n\t\t\t\t\t<\/div>\n\t\t\t\t<\/div>\n\t\t<div class=\"elementor-element elementor-element-3abd047 e-flex e-con-boxed e-con e-parent\" data-id=\"3abd047\" data-element_type=\"container\" data-e-type=\"container\" data-settings=\"{&quot;background_background&quot;:&quot;classic&quot;}\">\n\t\t\t\t\t<div class=\"e-con-inner\">\n\t\t<div class=\"elementor-element elementor-element-b29e17e e-con-full e-flex e-con e-child\" data-id=\"b29e17e\" data-element_type=\"container\" data-e-type=\"container\" data-settings=\"{&quot;background_background&quot;:&quot;classic&quot;}\">\n\t\t\t\t<\/div>\n\t\t\t\t\t<\/div>\n\t\t\t\t<\/div>\n\t\t<div class=\"elementor-element elementor-element-e9548bc e-grid e-con-boxed e-con e-parent\" data-id=\"e9548bc\" data-element_type=\"container\" data-e-type=\"container\">\n\t\t\t\t\t<div class=\"e-con-inner\">\n\t\t\t\t\t<\/div>\n\t\t\t\t<\/div>\n\t\t\t\t<\/div>\n\t\t","protected":false},"excerpt":{"rendered":"<p>K\u00f6z\u00f6s szeretet\u00fck a finom \u00e9telek, \u00e9s a m\u00e9g jobb borok. K\u00f6z\u00f6s szeretet\u00fck a finom \u00e9telek, \u00e9s a m\u00e9g jobb borok. Hogyan j\u00f6tt l\u00e9tre a mi kis mikro pinc\u00e9szet\u00fcnk?Ez a t\u00f6rt\u00e9net \u00e1ll m\u00f6g\u00f6tte. Mint szabads\u00e1gszeret\u00f6 ember, Werner J\u00f3zsef 1987-ben kalandos \u00e9s izgalmas k\u00f6r\u00fclm\u00e9nyek k\u00f6z\u00f6tt kisz\u00f6k\u00f6tt a komunista Rom\u00e1ni\u00e1b\u00f3l, N\u00e9metorsz\u00e1gba, ah\u00f3l el\u00e9rte \u00e1lmait , \u00e9s sokat utazott [&hellip;]<\/p>\n","protected":false},"author":1,"featured_media":0,"parent":0,"menu_order":0,"comment_status":"closed","ping_status":"closed","template":"","meta":{"footnotes":""},"class_list":["post-612","page","type-page","status-publish","hentry"],"_links":{"self":[{"href":"https:\/\/pal-wines.com\/hu\/wp-json\/wp\/v2\/pages\/612","targetHints":{"allow":["GET"]}}],"collection":[{"href":"https:\/\/pal-wines.com\/hu\/wp-json\/wp\/v2\/pages"}],"about":[{"href":"https:\/\/pal-wines.com\/hu\/wp-json\/wp\/v2\/types\/page"}],"author":[{"embeddable":true,"href":"https:\/\/pal-wines.com\/hu\/wp-json\/wp\/v2\/users\/1"}],"replies":[{"embeddable":true,"href":"https:\/\/pal-wines.com\/hu\/wp-json\/wp\/v2\/comments?post=612"}],"version-history":[{"count":8,"href":"https:\/\/pal-wines.com\/hu\/wp-json\/wp\/v2\/pages\/612\/revisions"}],"predecessor-version":[{"id":1746,"href":"https:\/\/pal-wines.com\/hu\/wp-json\/wp\/v2\/pages\/612\/revisions\/1746"}],"wp:attachment":[{"href":"https:\/\/pal-wines.com\/hu\/wp-json\/wp\/v2\/media?parent=612"}],"curies":[{"name":"wp","href":"https:\/\/api.w.org\/{rel}","templated":true}]}}