{"id":922,"date":"2023-05-08T16:11:37","date_gmt":"2023-05-08T14:11:37","guid":{"rendered":"http:\/\/pal-wines.com\/impresszum\/"},"modified":"2023-05-09T09:55:03","modified_gmt":"2023-05-09T07:55:03","slug":"impresszum","status":"publish","type":"page","link":"https:\/\/pal-wines.com\/hu\/impresszum\/","title":{"rendered":"Impresszum"},"content":{"rendered":"\t\t<div data-elementor-type=\"wp-page\" data-elementor-id=\"922\" class=\"elementor elementor-922 elementor-849\" data-elementor-post-type=\"page\">\n\t\t\t\t\t\t<section class=\"elementor-section elementor-top-section elementor-element elementor-element-e77e1e4 elementor-section-boxed elementor-section-height-default elementor-section-height-default\" data-id=\"e77e1e4\" data-element_type=\"section\" data-e-type=\"section\">\n\t\t\t\t\t\t<div class=\"elementor-container elementor-column-gap-default\">\n\t\t\t\t\t<div class=\"elementor-column elementor-col-100 elementor-top-column elementor-element elementor-element-cac1bed\" data-id=\"cac1bed\" data-element_type=\"column\" data-e-type=\"column\">\n\t\t\t<div class=\"elementor-widget-wrap elementor-element-populated\">\n\t\t\t\t\t\t<div class=\"elementor-element elementor-element-7057c1c2 elementor-widget__width-initial elementor-widget-mobile__width-inherit elementor-widget elementor-widget-text-editor\" data-id=\"7057c1c2\" data-element_type=\"widget\" data-e-type=\"widget\" data-widget_type=\"text-editor.default\">\n\t\t\t\t<div class=\"elementor-widget-container\">\n\t\t\t\t\t\t\t\t\t<h1 class=\"p1\"><b>Impresszum<\/b><\/h1>\n<h3 class=\"p1\"><b>A TMG 5. \u00a7-a szerinti t\u00e1j\u00e9koztat\u00e1s<\/b><\/h3>\n<p>Werner J\u00f3zsef P\u00e1l<br \/>P\u00e1l Pince<\/p>\n<p>Szent Gy\u00f6rgy-hegy 16<br \/>Hrsz:021\/13<br \/>8265 Hegymagas<br \/>Hungary<\/p>\n<h3>Kapcsolat<\/h3>\n<p>Telefon: <a href=\"tel:+49%20172%208967648\">+49 172 8967648<\/a><br \/>E-Mail: <a href=\"mailto:contact@pal-wines.com\" target=\"_blank\" rel=\"noopener\">contact@pal-wines.com<\/a><\/p>\n<h3>Szerkeszt\u0151i felel\u0151ss\u00e9g<\/h3>\n<p>Werner J\u00f3zsef P\u00e1l<br \/>Szent Gy\u00f6rgy-hegy 16, Hrsz:021\/13<br \/>8265 Hegymagas<br \/>Hungary<\/p>\n<h3>EU-s vitarendez\u00e9s<\/h3>\n<p>Az Eur\u00f3pai Bizotts\u00e1g online vitarendez\u00e9si platformot (ODR) biztos\u00edt: <a href=\"https:\/\/ec.europa.eu\/consumers\/odr\/\">https:\/\/ec.europa.eu\/consumers\/odr\/<\/a>. E-mail c\u00edm\u00fcnket a fenti impresszumban tal\u00e1lja.<\/p>\n<h3>Fogyaszt\u00f3i jogvit\u00e1k rendez\u00e9se \/ egyetemes v\u00e1lasztottb\u00edr\u00f3s\u00e1g<\/h3>\n<p>Nem vagyunk hajland\u00f3ak vagy k\u00f6telesek r\u00e9szt venni a fogyaszt\u00f3i d\u00f6nt\u0151bizotts\u00e1g el\u0151tti vitarendez\u00e9si elj\u00e1r\u00e1sban.<\/p>\n\t\t\t\t\t\t\t\t<\/div>\n\t\t\t\t<\/div>\n\t\t\t\t\t<\/div>\n\t\t<\/div>\n\t\t\t\t\t<\/div>\n\t\t<\/section>\n\t\t\t\t<\/div>\n\t\t","protected":false},"excerpt":{"rendered":"<p>Impresszum A TMG 5. \u00a7-a szerinti t\u00e1j\u00e9koztat\u00e1s Werner J\u00f3zsef P\u00e1lP\u00e1l Pince Szent Gy\u00f6rgy-hegy 16Hrsz:021\/138265 HegymagasHungary Kapcsolat Telefon: +49 172 8967648E-Mail: contact@pal-wines.com Szerkeszt\u0151i felel\u0151ss\u00e9g Werner J\u00f3zsef P\u00e1lSzent Gy\u00f6rgy-hegy 16, Hrsz:021\/138265 HegymagasHungary EU-s vitarendez\u00e9s Az Eur\u00f3pai Bizotts\u00e1g online vitarendez\u00e9si platformot (ODR) biztos\u00edt: https:\/\/ec.europa.eu\/consumers\/odr\/. E-mail c\u00edm\u00fcnket a fenti impresszumban tal\u00e1lja. Fogyaszt\u00f3i jogvit\u00e1k rendez\u00e9se \/ egyetemes v\u00e1lasztottb\u00edr\u00f3s\u00e1g Nem vagyunk [&hellip;]<\/p>\n","protected":false},"author":3,"featured_media":0,"parent":0,"menu_order":0,"comment_status":"closed","ping_status":"open","template":"","meta":{"footnotes":""},"class_list":["post-922","page","type-page","status-publish","hentry"],"_links":{"self":[{"href":"https:\/\/pal-wines.com\/hu\/wp-json\/wp\/v2\/pages\/922","targetHints":{"allow":["GET"]}}],"collection":[{"href":"https:\/\/pal-wines.com\/hu\/wp-json\/wp\/v2\/pages"}],"about":[{"href":"https:\/\/pal-wines.com\/hu\/wp-json\/wp\/v2\/types\/page"}],"author":[{"embeddable":true,"href":"https:\/\/pal-wines.com\/hu\/wp-json\/wp\/v2\/users\/3"}],"replies":[{"embeddable":true,"href":"https:\/\/pal-wines.com\/hu\/wp-json\/wp\/v2\/comments?post=922"}],"version-history":[{"count":4,"href":"https:\/\/pal-wines.com\/hu\/wp-json\/wp\/v2\/pages\/922\/revisions"}],"predecessor-version":[{"id":973,"href":"https:\/\/pal-wines.com\/hu\/wp-json\/wp\/v2\/pages\/922\/revisions\/973"}],"wp:attachment":[{"href":"https:\/\/pal-wines.com\/hu\/wp-json\/wp\/v2\/media?parent=922"}],"curies":[{"name":"wp","href":"https:\/\/api.w.org\/{rel}","templated":true}]}}